{"id":25640,"date":"2026-04-20T12:55:10","date_gmt":"2026-04-20T10:55:10","guid":{"rendered":"https:\/\/talking-hope.org\/?page_id=25640"},"modified":"2026-04-21T12:29:37","modified_gmt":"2026-04-21T10:29:37","slug":"transdisciplinary-research","status":"publish","type":"page","link":"https:\/\/talking-hope.org\/en\/what-we-do\/transdisciplinary-research\/","title":{"rendered":"Transdisciplinary Research"},"content":{"rendered":"<div class=\"gb-container gb-container-70a85035\">\n<div class=\"gb-container gb-container-732e7198\">\n<div class=\"gb-container gb-container-d4d67ecc\">\n\n<h1 class=\"gb-headline gb-headline-5a5df192 gb-headline-text\"><strong>Transdisciplinary&nbsp;Research<\/strong><\/h1>\n\n\n\n<h1 class=\"gb-headline gb-headline-55dce7ce gb-headline-text\"><\/h1>\n\n<\/div>\n<\/div>\n\n<div class=\"gb-container gb-container-8a1dfe02\">\n<div class=\"gb-container gb-container-1ed1dc22\">\n\n<figure class=\"gb-block-image gb-block-image-0414021c\"><img data-recalc-dims=\"1\" loading=\"lazy\" decoding=\"async\" width=\"1024\" height=\"1024\" class=\"gb-image gb-image-0414021c\" src=\"https:\/\/i0.wp.com\/talking-hope.org\/wp-content\/uploads\/2024\/10\/Ohr.png?resize=1024%2C1024&#038;ssl=1\" alt=\"\" title=\"Ohr\" srcset=\"https:\/\/i0.wp.com\/talking-hope.org\/wp-content\/uploads\/2024\/10\/Ohr.png?resize=1024%2C1024&amp;ssl=1 1024w, https:\/\/i0.wp.com\/talking-hope.org\/wp-content\/uploads\/2024\/10\/Ohr.png?resize=300%2C300&amp;ssl=1 300w, https:\/\/i0.wp.com\/talking-hope.org\/wp-content\/uploads\/2024\/10\/Ohr.png?resize=150%2C150&amp;ssl=1 150w, https:\/\/i0.wp.com\/talking-hope.org\/wp-content\/uploads\/2024\/10\/Ohr.png?resize=768%2C768&amp;ssl=1 768w, https:\/\/i0.wp.com\/talking-hope.org\/wp-content\/uploads\/2024\/10\/Ohr.png?resize=1536%2C1536&amp;ssl=1 1536w, https:\/\/i0.wp.com\/talking-hope.org\/wp-content\/uploads\/2024\/10\/Ohr.png?resize=12%2C12&amp;ssl=1 12w, https:\/\/i0.wp.com\/talking-hope.org\/wp-content\/uploads\/2024\/10\/Ohr.png?w=2000&amp;ssl=1 2000w\" sizes=\"auto, (max-width: 1024px) 100vw, 1024px\" \/><\/figure>\n\n<\/div>\n<div class=\"gb-shapes\"><div class=\"gb-shape gb-shape-1\"><svg xmlns=\"http:\/\/www.w3.org\/2000\/svg\" viewBox=\"0 0 1200 350\" preserveAspectRatio=\"none\"><path d=\"M1200 350V0C22.4 60.3 0 336.7 0 336.7V350h1200z\"\/><\/svg><\/div><\/div><\/div>\n\n<div class=\"gb-container gb-container-82c316e6\">\n<div class=\"gb-container gb-container-300056bd\">\n<div class=\"gb-container gb-container-3faa05af\">\n\n<h1 class=\"gb-headline gb-headline-a4669590 gb-headline-text\"><strong><br>Empowering young climate actors<\/strong><\/h1>\n\n\n\n<p class=\"gb-headline gb-headline-a201db15 gb-headline-text\"><strong><strong><strong><strong>Research cooperation with Utrecht University<\/strong><\/strong><\/strong><\/strong><\/p>\n\n\n\n<p style=\"font-size:20px\"><strong><strong><strong>Socially Inclusive Climate Communications and Transformative Education<\/strong>\u00a0<\/strong><\/strong><br><mark style=\"background-color:rgba(0, 0, 0, 0)\" class=\"has-inline-color has-accent-2-color\">February \u2013 April 2026\u00a0<\/mark><\/p>\n\n<\/div>\n\n<div class=\"gb-container gb-container-6a3ed445\">\n\n<p>How can young people excluded from mainstream climate movements become active shapers of a sustainable future? This question was at the heart of a collaboration between Talking Hope and students from the <a href=\"https:\/\/www.uu.nl\/en\/research\/copernicus-institute-of-sustainable-development\">Copernicus Institute for Sustainable Development <\/a>at Utrecht University.&nbsp;<\/p>\n\n\n\n<p>As part of their three-month final project in the Global Sustainability Science programme, a team of eight students working in two groups explored how climate communication and transformative education can be brought together to motivate young people from disadvantaged backgrounds to engage for a sustainable future.&nbsp;<\/p>\n\n\n\n<p><strong>Research Review and Best-Practice Studies<\/strong>&nbsp;<\/p>\n\n\n\n<p>The students conducted a systematic literature review of the current state of research in communication and education. They also carried out in-depth interviews on best practices with five grassroots organisations working at the intersection of climate and education in Germany and the Netherlands.&nbsp;<\/p>\n\n\n\n<p>Their findings strengthen and expand Talking Hope&#8217;s approach as a specialist organisation for socially inclusive climate communication and education: young people from disadvantaged backgrounds are by no means disinterested in climate action or politics.&nbsp;<\/p>\n\n\n\n<p>What is missing, however, are initiatives and forms of outreach that meet young people in their own realities, build genuine trust, and strengthen their sense of agency. Trust-building and authentic participation are the keys to fostering real empowerment and civic engagement among young people.&nbsp;<\/p>\n\n\n<div class=\"gb-container gb-container-d2a4272a\">\n\n<p class=\"gb-headline gb-headline-d4a3b97c gb-headline-text\"><em>\u201cWorking with Talking Hope during these past two months has been fun and informative at the same time! It is very refreshing to see there are organizations out there who care so much about young people and see the potential in our generation and the ones to come. I admire the way they try to change the climate discourse from catastrophic to hopeful by giving skills and instruments to youth and to the people who are supposed to educate this youth. It has been very important for me to see what kind of work can be done that is actually making an impactful change!&#8221;<\/em><\/p>\n\n\n\n<p class=\"gb-headline gb-headline-7970cdf7 gb-headline-text\"><strong><strong>Teresa Grandoni,<\/strong><\/strong> project participant 2026<\/p>\n\n<\/div>\n\n\n<p><strong>What&nbsp;climate&nbsp;communication can learn from transformative&nbsp;education&nbsp;<\/strong>&nbsp;<\/p>\n\n\n\n<p>Importantly, climate communication&nbsp;has much to learn from transformative learning and educational approaches.&nbsp;The project&nbsp;identified&nbsp;four core principles as the foundation for developing agency and engagement in young people:&nbsp;<\/p>\n\n\n\n<ul class=\"wp-block-list\">\n<li><strong>Low-barrier, collaborative, and participatory spaces<\/strong>&nbsp;\u2014 removing the barriers that exclude disadvantaged youth from spaces of engagement&nbsp;<\/li>\n<\/ul>\n\n\n\n<ul class=\"wp-block-list\">\n<li><strong>Rooted in lived, everyday experiences<\/strong>&nbsp;\u2014 making climate issues personally relevant rather than abstract&nbsp;<\/li>\n<\/ul>\n\n\n\n<ul class=\"wp-block-list\">\n<li><strong>Emotion-centred reflection as a starting point for collective action<\/strong>&nbsp;\u2014 processing feelings such as eco-anxiety and channelling them into motivation for collective action&nbsp;<\/li>\n<\/ul>\n\n\n\n<ul class=\"wp-block-list\">\n<li><strong>Systemic knowledge and actionable skills<\/strong>&nbsp;\u2014 building both an understanding of climate systems and the practical competencies needed to act&nbsp;<\/li>\n<\/ul>\n\n\n<div class=\"gb-container gb-container-11676759\">\n\n<p class=\"gb-headline gb-headline-ea339185 gb-headline-text\"><em>\u201cWorking on our consultancy project together with Talking Hope has truly been fun, challenging and informative. Talking Hope provided me with valuable knowledge, and throughout our project I heard many stories that gave me hope for the future. I have learnt, and done a lot of research, about youth empowerment, but more crucially, I have become more empowered myself!\u201d<\/em><\/p>\n\n\n\n<p class=\"gb-headline gb-headline-c4d2510a gb-headline-text\"><strong><strong><strong>Oskar<\/strong> <strong>Olsson<\/strong>,<\/strong><\/strong> project participant 2026<\/p>\n\n<\/div>\n\n\n<p>Based on their interviews, the students also&nbsp;identified&nbsp;promising practical approaches that support young people in gradually moving from audience to driving force in climate action and future-making:&nbsp;<\/p>\n\n\n\n<ul class=\"wp-block-list\">\n<li><strong>Action-based storytelling<\/strong>&nbsp;\u2014 narratives featuring real people and concrete decisions that help participants process their own experiences and develop agency&nbsp;<\/li>\n<\/ul>\n\n\n\n<ul class=\"wp-block-list\">\n<li><strong>Artistic approaches<\/strong>&nbsp;\u2014 creative methods such as theatre, music, and film that are accessible and foster self-reflection&nbsp;<\/li>\n<\/ul>\n\n\n\n<ul class=\"wp-block-list\">\n<li><strong>Dialogues and reflective spaces<\/strong>&nbsp;\u2014 communicative settings in which a shared understanding of climate issues can be built collectively&nbsp;<\/li>\n<\/ul>\n\n\n\n<ul class=\"wp-block-list\">\n<li><strong>Interactive and co-designed learning<\/strong>&nbsp;\u2014 democratic structures in which young people progressively move from participants to co-creators and initiators&nbsp;<\/li>\n<\/ul>\n\n\n<div class=\"gb-container gb-container-898f0209\">\n\n<p class=\"gb-headline gb-headline-32986dc3 gb-headline-text\"><em>\u201cWorking with Talking Hope has been a fun and inspiring experience. Throughout the project I gained valuable insights on youth empowerment in climate action, and the work that Talking Hope does. To work alongside them on a topic of such importance, especially in times like these has been truly meaningful and a great learning experience!\u201d<\/em><\/p>\n\n\n\n<p class=\"gb-headline gb-headline-8c8faf83 gb-headline-text\"><strong><strong><strong><strong>Marit Ei\u00dfing<\/strong><\/strong>,<\/strong><\/strong> project participant 2026<\/p>\n\n<\/div>\n\n\n<p>What makes this project especially valuable \u2014 and what enriches Talking Hope&#8217;s Framework for Socially Inclusive (Climate) Communication \u2014 is that it bridges two fields that usually&nbsp;operate&nbsp;in silos: communication and transformative education. In our ongoing project work, we are now bringing these together methodologically as well.&nbsp;<\/p>\n\n\n<div class=\"gb-container gb-container-669d1ac8\">\n\n<figure class=\"gb-block-image gb-block-image-35c508ce\"><img data-recalc-dims=\"1\" loading=\"lazy\" decoding=\"async\" width=\"1200\" height=\"900\" class=\"gb-image gb-image-35c508ce\" src=\"https:\/\/i0.wp.com\/talking-hope.org\/wp-content\/uploads\/2026\/04\/IMG-20260409-WA0014.jpg?resize=1200%2C900&#038;ssl=1\" alt=\"\" title=\"IMG-20260409-WA0014\" srcset=\"https:\/\/i0.wp.com\/talking-hope.org\/wp-content\/uploads\/2026\/04\/IMG-20260409-WA0014.jpg?w=1600&amp;ssl=1 1600w, https:\/\/i0.wp.com\/talking-hope.org\/wp-content\/uploads\/2026\/04\/IMG-20260409-WA0014.jpg?resize=300%2C225&amp;ssl=1 300w, https:\/\/i0.wp.com\/talking-hope.org\/wp-content\/uploads\/2026\/04\/IMG-20260409-WA0014.jpg?resize=1024%2C768&amp;ssl=1 1024w, https:\/\/i0.wp.com\/talking-hope.org\/wp-content\/uploads\/2026\/04\/IMG-20260409-WA0014.jpg?resize=768%2C576&amp;ssl=1 768w, https:\/\/i0.wp.com\/talking-hope.org\/wp-content\/uploads\/2026\/04\/IMG-20260409-WA0014.jpg?resize=1536%2C1152&amp;ssl=1 1536w, https:\/\/i0.wp.com\/talking-hope.org\/wp-content\/uploads\/2026\/04\/IMG-20260409-WA0014.jpg?resize=16%2C12&amp;ssl=1 16w\" sizes=\"auto, (max-width: 1200px) 100vw, 1200px\" \/>\n<figcaption class=\"gb-headline gb-headline-a62e391b gb-headline-text\">Foto: Die Student:innen des Copernicus Institute for Sustainable Development, Universit\u00e4t Utrecht, zusammen mit Talking Hope Gr\u00fcnderin Eva-Maria McCormack bei ihrer Abschlusspr\u00e4sentation<\/figcaption>\n<\/figure>\n\n<\/div>\n\n\n<p><strong>Thank you!<\/strong>&nbsp;<\/p>\n\n\n\n<p>We are delighted by the outstanding work of Janne Verweij, Teresa&nbsp;Grandoni, Javier Alvaro Porras, Felix K. Walsh, Sascha A. Jonker, Marit G. H.&nbsp;Ei\u00dfing, Oskar A. Olsson, and Paula M. Korn. We also extend our warm thanks to Prof. Dr. Brian Dermody and supervisor Beth for their excellent guidance!&nbsp;<\/p>\n\n<\/div>\n<\/div>\n<div class=\"gb-shapes\"><div class=\"gb-shape gb-shape-1\"><svg xmlns=\"http:\/\/www.w3.org\/2000\/svg\" viewBox=\"0 0 1200 194.3\" preserveAspectRatio=\"none\"><path d=\"M1200 133.3l-50 8.9c-50 8.6-150 26.9-250 31.1-100 4.2-200-4.2-300-26.7S400 89.2 300 62.2C200 35.8 100 17.5 50 8.9L0 0v194.3h1200v-61z\"\/><\/svg><\/div><\/div><\/div>\n<\/div>","protected":false},"excerpt":{"rendered":"<p>Transdisciplinary&nbsp;Research Empowering young climate actors Research cooperation with Utrecht University Socially Inclusive Climate Communications and Transformative Education\u00a0February \u2013 April 2026\u00a0 &#8230; <\/p>\n<p class=\"read-more-container\"><a title=\"Transdisciplinary Research\" class=\"read-more button\" href=\"https:\/\/talking-hope.org\/en\/what-we-do\/transdisciplinary-research\/#more-25640\" aria-label=\"Read more about Transdisciplinary Research\">Read more<\/a><\/p>\n","protected":false},"author":1,"featured_media":0,"parent":23981,"menu_order":0,"comment_status":"closed","ping_status":"closed","template":"","meta":{"_seopress_robots_primary_cat":"","_seopress_titles_title":"Transdisciplinary Research","_seopress_titles_desc":"RESEARCH COOPERATION WITH UTRECHT UNIVERSITY","_seopress_robots_index":"","inline_featured_image":false,"footnotes":""},"class_list":{"0":"post-25640","1":"page","2":"type-page","3":"status-publish","5":"no-featured-image-padding"},"jetpack_sharing_enabled":true,"_links":{"self":[{"href":"https:\/\/talking-hope.org\/en\/wp-json\/wp\/v2\/pages\/25640","targetHints":{"allow":["GET"]}}],"collection":[{"href":"https:\/\/talking-hope.org\/en\/wp-json\/wp\/v2\/pages"}],"about":[{"href":"https:\/\/talking-hope.org\/en\/wp-json\/wp\/v2\/types\/page"}],"author":[{"embeddable":true,"href":"https:\/\/talking-hope.org\/en\/wp-json\/wp\/v2\/users\/1"}],"replies":[{"embeddable":true,"href":"https:\/\/talking-hope.org\/en\/wp-json\/wp\/v2\/comments?post=25640"}],"version-history":[{"count":4,"href":"https:\/\/talking-hope.org\/en\/wp-json\/wp\/v2\/pages\/25640\/revisions"}],"predecessor-version":[{"id":25664,"href":"https:\/\/talking-hope.org\/en\/wp-json\/wp\/v2\/pages\/25640\/revisions\/25664"}],"up":[{"embeddable":true,"href":"https:\/\/talking-hope.org\/en\/wp-json\/wp\/v2\/pages\/23981"}],"wp:attachment":[{"href":"https:\/\/talking-hope.org\/en\/wp-json\/wp\/v2\/media?parent=25640"}],"curies":[{"name":"wp","href":"https:\/\/api.w.org\/{rel}","templated":true}]}}