{"id":25640,"date":"2026-04-20T12:55:10","date_gmt":"2026-04-20T10:55:10","guid":{"rendered":"https:\/\/talking-hope.org\/?page_id=25640"},"modified":"2026-04-21T12:29:37","modified_gmt":"2026-04-21T10:29:37","slug":"transdisciplinary-research","status":"publish","type":"page","link":"https:\/\/talking-hope.org\/de\/what-we-do\/transdisciplinary-research\/","title":{"rendered":"Transdisciplinary Research"},"content":{"rendered":"<div class=\"gb-container gb-container-70a85035\">\n<div class=\"gb-container gb-container-732e7198\">\n<div class=\"gb-container gb-container-d4d67ecc\">\n\n<h1 class=\"gb-headline gb-headline-5a5df192 gb-headline-text\"><strong>Forschungskooperationen<\/strong><\/h1>\n\n\n\n<h1 class=\"gb-headline gb-headline-55dce7ce gb-headline-text\"><\/h1>\n\n<\/div>\n<\/div>\n\n<div class=\"gb-container gb-container-8a1dfe02\">\n<div class=\"gb-container gb-container-1ed1dc22\">\n\n<figure class=\"gb-block-image gb-block-image-0414021c\"><img data-recalc-dims=\"1\" loading=\"lazy\" decoding=\"async\" width=\"1024\" height=\"1024\" class=\"gb-image gb-image-0414021c\" src=\"https:\/\/i0.wp.com\/talking-hope.org\/wp-content\/uploads\/2024\/10\/Ohr.png?resize=1024%2C1024&#038;ssl=1\" alt=\"\" title=\"Ohr\" srcset=\"https:\/\/i0.wp.com\/talking-hope.org\/wp-content\/uploads\/2024\/10\/Ohr.png?resize=1024%2C1024&amp;ssl=1 1024w, https:\/\/i0.wp.com\/talking-hope.org\/wp-content\/uploads\/2024\/10\/Ohr.png?resize=300%2C300&amp;ssl=1 300w, https:\/\/i0.wp.com\/talking-hope.org\/wp-content\/uploads\/2024\/10\/Ohr.png?resize=150%2C150&amp;ssl=1 150w, https:\/\/i0.wp.com\/talking-hope.org\/wp-content\/uploads\/2024\/10\/Ohr.png?resize=768%2C768&amp;ssl=1 768w, https:\/\/i0.wp.com\/talking-hope.org\/wp-content\/uploads\/2024\/10\/Ohr.png?resize=1536%2C1536&amp;ssl=1 1536w, https:\/\/i0.wp.com\/talking-hope.org\/wp-content\/uploads\/2024\/10\/Ohr.png?resize=12%2C12&amp;ssl=1 12w, https:\/\/i0.wp.com\/talking-hope.org\/wp-content\/uploads\/2024\/10\/Ohr.png?w=2000&amp;ssl=1 2000w\" sizes=\"auto, (max-width: 1024px) 100vw, 1024px\" \/><\/figure>\n\n<\/div>\n<div class=\"gb-shapes\"><div class=\"gb-shape gb-shape-1\"><svg xmlns=\"http:\/\/www.w3.org\/2000\/svg\" viewbox=\"0 0 1200 350\" preserveaspectratio=\"none\"><path d=\"M1200 350V0C22.4 60.3 0 336.7 0 336.7V350h1200z\"\/><\/svg><\/div><\/div><\/div>\n\n<div class=\"gb-container gb-container-82c316e6\">\n<div class=\"gb-container gb-container-300056bd\">\n<div class=\"gb-container gb-container-3faa05af\">\n\n<h1 class=\"gb-headline gb-headline-a4669590 gb-headline-text\"><strong><br>Bildung, die bewegt<\/strong><\/h1>\n\n\n\n<p class=\"gb-headline gb-headline-a201db15 gb-headline-text\"><strong><strong><strong><strong>FORSCHUNGS-KOOPERATION MIT UNIVERSIT\u00c4T UTRECHT<\/strong><\/strong><\/strong><\/strong><\/p>\n\n\n\n<p style=\"font-size:20px\"><strong><strong><strong>Sozial inklusive Klima-Kommunikation und transformative Bildungsarbeit<\/strong>\u00a0<\/strong><\/strong><br><mark style=\"background-color:rgba(0, 0, 0, 0)\" class=\"has-inline-color has-accent-2-color\">Februar - April 2026\u00a0<\/mark><\/p>\n\n<\/div>\n\n<div class=\"gb-container gb-container-6a3ed445\">\n\n<p>Wie k\u00f6nnen junge Menschen, die von klassischen Klimaschutzgruppen ausgeschlossen sind, zu aktiven Gestalter*innen einer nachhaltigen Zukunft werden? Diese Frage stand im Mittelpunkt eines transdisziplin\u00e4ren Forschungsprojektes zwischen Talking Hope und Studierenden des <a href=\"https:\/\/www.uu.nl\/en\/research\/copernicus-institute-of-sustainable-development\">Copernicus Institute for Sustainable Development <\/a>der Universit\u00e4t Utrecht.&nbsp;<\/p>\n\n\n\n<p>Im Rahmen ihres dreimonatigen Abschlussprojektes im Studiengang \u201cGlobal Sustainability Science\u201d untersuchte ein Team von acht Studierenden in zwei Gruppen, wie Klimakommunikation und transformative Bildungsans\u00e4tze zusammengedacht werden k\u00f6nnen, um junge Menschen aus benachteiligenden Umfeldern zu mehr Engagement f\u00fcr eine nachhaltige Zukunft zu motivieren.&nbsp;<\/p>\n\n\n\n<p><strong>Forschungsreview und Best-Practice-Studien<\/strong>&nbsp;<\/p>\n\n\n\n<p>Die Student*innen werteten den Stand der wissenschaftlichen Forschung in den Feldern Kommunikation und Bildungsarbeit durch ein systematisches Literraturreview aus. Sie f\u00fchrten au\u00dferdem qualifizierte Interviews \u00fcber \u201cBest Practices\u201d mit f\u00fcnf Graswurzelorganisationen im Bereich Klima- und Bildungsarbeit in Deutschland und den Niederlanden durch.&nbsp;<\/p>\n\n\n\n<p>Ihre Ergebnisse st\u00e4rken und erweitern den Arbeitsansatz von Talking Hope als Fachorganisation f\u00fcr sozial inklusive Klimakommunikation und Bildungsarbeit: Junge Menschen insbesondere aus sozial benachteiligenden Umfeldern sind keinesfalls desinteressiert an Klimaschutz und Politik.&nbsp;<\/p>\n\n\n\n<p>Was jedoch fehlt, sind Ansprachen und Initiativen, die junge Menschen in ihren eigenen Lebenswelten treffen, Vertrauen aufbauen und Selbstwirksamkeit st\u00e4rken. Vertrauensaufbau und echte Partizipation wiederum sind die Schl\u00fcssel, um echte Handlungsf\u00e4higkeit und zivilgesellschaftliches Engagement f\u00fcr Klimaschutz und Demokratie bei jungen Menschen zu f\u00f6rdern.&nbsp;<\/p>\n\n\n<div class=\"gb-container gb-container-d2a4272a\">\n\n<p class=\"gb-headline gb-headline-d4a3b97c gb-headline-text\"><em>\u201eDie Arbeit mit Talking Hope in den vergangenen Monaten war lehrreich und hat gleichzeitig viel Spa\u00df gemacht! Es ist ermutigend zu sehen, dass es Organisationen gibt, denen junge Menschen so wichtig sind und die das Potenzial unserer Generation und der kommenden so ernstnehmen. Ich bewundere die Art und Weise, wie Talking Hope versucht, den Klimadiskurs von Katastrophe zu Hoffnung zu wenden \u2013 indem sie jungen Menschen und denjenigen, die sie begleiten und bilden, konkrete F\u00e4higkeiten und Werkzeuge mitgeben. Es war sehr wichtig f\u00fcr mich zu sehen, welche Arbeit geleistet werden kann, die wirklich einen sp\u00fcrbaren Wandel bewirkt.\"<\/em><\/p>\n\n\n\n<p class=\"gb-headline gb-headline-7970cdf7 gb-headline-text\"><strong><strong>Teresa Grandoni,<\/strong><\/strong> Projekt-Teilnehmerin 2026<\/p>\n\n<\/div>\n\n\n<p><strong>Was Klimakommunikation aus der Bildungsarbeit lernen kann&nbsp;<\/strong>&nbsp;<\/p>\n\n\n\n<p>Die Klimakommunikation kann hierbei gerade aus Ans\u00e4tzen des transformativen Lernens und der Bildungsarbeit lernen: Das Projekt identifizierte vier Kernprinzipien, die Grundbedingung f\u00fcr die Entfaltung von Selbstwirksamkeit und Engagement bei jungen Menschen sind:&nbsp;<\/p>\n\n\n\n<ul class=\"wp-block-list\">\n<li><strong>Niedrigschwellige, kollaborative und partizipative R\u00e4ume<\/strong>&nbsp;\u2013 Barrieren abbauen, die benachteiligte Jugendliche von Engagement-R\u00e4umen ausschlie\u00dfen&nbsp;<\/li>\n<\/ul>\n\n\n\n<ul class=\"wp-block-list\">\n<li><strong>Verankerung in gelebten Alltagserfahrungen<\/strong>&nbsp;\u2013 Klimathemen pers\u00f6nlich erfahrbar machen, statt sie abstrakt zu vermitteln&nbsp;<\/li>\n<\/ul>\n\n\n\n<ul class=\"wp-block-list\">\n<li><strong>Emotionszentrierte Reflexion als Ausgangspunkt f\u00fcr kollektives Handeln<\/strong>&nbsp;\u2013 Gef\u00fchle (z. B. Klimaangst) verarbeiten und in Motivation f\u00fcr kollektives Handeln umwandeln&nbsp;<\/li>\n<\/ul>\n\n\n\n<ul class=\"wp-block-list\">\n<li><strong>Systemisches Wissen und handlungsorientierte Kompetenzen<\/strong>&nbsp;\u2013 sowohl Verst\u00e4ndnis f\u00fcr Klimazusammenh\u00e4nge als auch praktische F\u00e4higkeiten zum Handeln vermitteln&nbsp;<\/li>\n<\/ul>\n\n\n<div class=\"gb-container gb-container-11676759\">\n\n<p class=\"gb-headline gb-headline-ea339185 gb-headline-text\"><em>\u201eDie Arbeit an unserem Beratungsprojekt mit Talking Hope war wirklich eine tolle Erfahrung \u2013 gleichzeitig spannend, herausfordernd und lehrreich. Talking Hope hat mir wertvolles Wissen mitgegeben, und w\u00e4hrend des Projekts habe ich so vieles erfahren, dass mir Hoffnung f\u00fcr die Zukunft macht. Ich habe eine Menge gelernt und geforscht zum Thema Jugend-Empowerment, aber was das Beste war: Ich selbst bin durch dieses Projekt st\u00e4rker und handlungsf\u00e4higer geworden!\"<\/em><\/p>\n\n\n\n<p class=\"gb-headline gb-headline-c4d2510a gb-headline-text translation-block\"><strong>Oskar Olsson<\/strong>, Projekt-Teilnehmer 2026<\/p>\n\n<\/div>\n\n\n<p>Die Studierenden definierten auf Basis ihrer Interviews au\u00dferdem Vorschl\u00e4ge f\u00fcr Praxisans\u00e4tze, die Jugendliche darin unterst\u00fctzen, schrittweise vom Publikum zur treibenden Kraft in Fragen des Klimaschutzes und der Zukunftsgestaltung zu werden.&nbsp;<\/p>\n\n\n\n<ul class=\"wp-block-list\">\n<li><strong>Handlungsorientiertes Storytelling<\/strong>&nbsp;\u2013 Narrative mit Menschen und realen Situationen, die Teilnehmenden helfen, eigene Erfahrungen zu verarbeiten und Handlungsf\u00e4higkeit zu entwickeln&nbsp;<\/li>\n<\/ul>\n\n\n\n<ul class=\"wp-block-list\">\n<li><strong>K\u00fcnstlerische Ans\u00e4tze<\/strong>&nbsp;\u2013 Kreative Methoden (Theater, Musik, Film), die niedrigschwellig zug\u00e4nglich sind und Selbstreflexion f\u00f6rdern&nbsp;<\/li>\n<\/ul>\n\n\n\n<ul class=\"wp-block-list\">\n<li><strong>Dialoge und Reflexionsr\u00e4ume<\/strong>&nbsp;\u2013 Kommunikative R\u00e4ume, in denen ein gemeinsames Klimaverst\u00e4ndnis aufgebaut wird&nbsp;<\/li>\n<\/ul>\n\n\n\n<ul class=\"wp-block-list\">\n<li><strong>Interaktives und ko-designtes Lernen<\/strong>&nbsp;\u2013 Demokratische Strukturen, in denen junge Menschen schrittweise vom Publikum zu Mitgestalter:innen und Initiator:innen werden&nbsp;<\/li>\n<\/ul>\n\n\n<div class=\"gb-container gb-container-898f0209\">\n\n<p class=\"gb-headline gb-headline-32986dc3 gb-headline-text\"><em>\u201eDie Zusammenarbeit mit Talking Hope war wirklich eine tolle und inspirierende Erfahrung. W\u00e4hrend des Projekts habe ich so viel dar\u00fcber gelernt, wie junge Menschen im Klimaschutz gest\u00e4rkt werden k\u00f6nnen \u2013 und was Talking Hope dazu leistet. Mit ihnen an einem Thema mitzuarbeiten, das gerade jetzt so wichtig ist, hat sich wirklich bedeutsam angef\u00fchlt und es war eine riesige Lernerfahrung!\"<\/em><\/p>\n\n\n\n<p class=\"gb-headline gb-headline-8c8faf83 gb-headline-text translation-block\"><strong>Marit Ei\u00dfing,<\/strong> Projekt-Teilnehmer 2026<\/p>\n\n<\/div>\n\n\n<p>Was dieses Projekt besonders macht und Talking Hope\u2019s Framework f\u00fcr sozial inklusive (Klima-)Kommunikation um wertvolle Einsichten erweitert: Es verbindet zwei Felder, die meist getrennt operieren \u2014 Kommunikation und transformative Bildung. In unserer weiteren Projektarbeit f\u00fchren wir dies nun auch methodisch zusammen.&nbsp;<\/p>\n\n\n<div class=\"gb-container gb-container-669d1ac8\">\n\n<figure class=\"gb-block-image gb-block-image-35c508ce\"><img data-recalc-dims=\"1\" loading=\"lazy\" decoding=\"async\" width=\"1200\" height=\"900\" class=\"gb-image gb-image-35c508ce\" src=\"https:\/\/i0.wp.com\/talking-hope.org\/wp-content\/uploads\/2026\/04\/IMG-20260409-WA0014.jpg?resize=1200%2C900&#038;ssl=1\" alt=\"\" title=\"IMG-20260409-WA0014\" srcset=\"https:\/\/i0.wp.com\/talking-hope.org\/wp-content\/uploads\/2026\/04\/IMG-20260409-WA0014.jpg?w=1600&amp;ssl=1 1600w, https:\/\/i0.wp.com\/talking-hope.org\/wp-content\/uploads\/2026\/04\/IMG-20260409-WA0014.jpg?resize=300%2C225&amp;ssl=1 300w, https:\/\/i0.wp.com\/talking-hope.org\/wp-content\/uploads\/2026\/04\/IMG-20260409-WA0014.jpg?resize=1024%2C768&amp;ssl=1 1024w, https:\/\/i0.wp.com\/talking-hope.org\/wp-content\/uploads\/2026\/04\/IMG-20260409-WA0014.jpg?resize=768%2C576&amp;ssl=1 768w, https:\/\/i0.wp.com\/talking-hope.org\/wp-content\/uploads\/2026\/04\/IMG-20260409-WA0014.jpg?resize=1536%2C1152&amp;ssl=1 1536w, https:\/\/i0.wp.com\/talking-hope.org\/wp-content\/uploads\/2026\/04\/IMG-20260409-WA0014.jpg?resize=16%2C12&amp;ssl=1 16w\" sizes=\"auto, (max-width: 1200px) 100vw, 1200px\" \/>\n<figcaption class=\"gb-headline gb-headline-a62e391b gb-headline-text\">Foto: Die Student:innen des Copernicus Institute for Sustainable Development, Universit\u00e4t Utrecht, zusammen mit Talking Hope Gr\u00fcnderin Eva-Maria McCormack bei ihrer Abschlusspr\u00e4sentation<\/figcaption>\n<\/figure>\n\n<\/div>\n\n\n<p><strong>Danke!<\/strong>&nbsp;<\/p>\n\n\n\n<p>Wir freuen uns \u00fcber die hervorragende Arbeit von Janne Verweij, Teresa Grandoni, Javier Alvaro Porras, Felix K. Walsh, Sascha A. Jonker, Marit G. H. Ei\u00dfing, Oskar A. Olsson, Paula M. Korn. Ebenso danken wir Prof. Dr. Brian Dermody und Supervisorin Beth f\u00fcr die gute Begleitung!&nbsp;<\/p>\n\n<\/div>\n<\/div>\n<div class=\"gb-shapes\"><div class=\"gb-shape gb-shape-1\"><svg xmlns=\"http:\/\/www.w3.org\/2000\/svg\" viewbox=\"0 0 1200 194.3\" preserveaspectratio=\"none\"><path d=\"M1200 133.3l-50 8.9c-50 8.6-150 26.9-250 31.1-100 4.2-200-4.2-300-26.7S400 89.2 300 62.2C200 35.8 100 17.5 50 8.9L0 0v194.3h1200v-61z\"\/><\/svg><\/div><\/div><\/div>\n<\/div>","protected":false},"excerpt":{"rendered":"<p>Transdisciplinary&nbsp;Research Empowering young climate actors Research cooperation with Utrecht University Socially Inclusive Climate Communications and Transformative Education\u00a0February \u2013 April 2026\u00a0 &#8230; <\/p>\n<p class=\"read-more-container\"><a title=\"Transdisciplinary Research\" class=\"read-more button\" href=\"https:\/\/talking-hope.org\/de\/what-we-do\/transdisciplinary-research\/#more-25640\" aria-label=\"Mehr Informationen \u00fcber Transdisciplinary Research\">Read more<\/a><\/p>","protected":false},"author":1,"featured_media":0,"parent":23981,"menu_order":0,"comment_status":"closed","ping_status":"closed","template":"","meta":{"_seopress_robots_primary_cat":"","_seopress_titles_title":"Transdisciplinary Research","_seopress_titles_desc":"RESEARCH COOPERATION WITH UTRECHT UNIVERSITY","_seopress_robots_index":"","inline_featured_image":false,"footnotes":""},"class_list":{"0":"post-25640","1":"page","2":"type-page","3":"status-publish","5":"no-featured-image-padding"},"jetpack_sharing_enabled":true,"_links":{"self":[{"href":"https:\/\/talking-hope.org\/de\/wp-json\/wp\/v2\/pages\/25640","targetHints":{"allow":["GET"]}}],"collection":[{"href":"https:\/\/talking-hope.org\/de\/wp-json\/wp\/v2\/pages"}],"about":[{"href":"https:\/\/talking-hope.org\/de\/wp-json\/wp\/v2\/types\/page"}],"author":[{"embeddable":true,"href":"https:\/\/talking-hope.org\/de\/wp-json\/wp\/v2\/users\/1"}],"replies":[{"embeddable":true,"href":"https:\/\/talking-hope.org\/de\/wp-json\/wp\/v2\/comments?post=25640"}],"version-history":[{"count":4,"href":"https:\/\/talking-hope.org\/de\/wp-json\/wp\/v2\/pages\/25640\/revisions"}],"predecessor-version":[{"id":25664,"href":"https:\/\/talking-hope.org\/de\/wp-json\/wp\/v2\/pages\/25640\/revisions\/25664"}],"up":[{"embeddable":true,"href":"https:\/\/talking-hope.org\/de\/wp-json\/wp\/v2\/pages\/23981"}],"wp:attachment":[{"href":"https:\/\/talking-hope.org\/de\/wp-json\/wp\/v2\/media?parent=25640"}],"curies":[{"name":"wp","href":"https:\/\/api.w.org\/{rel}","templated":true}]}}