{"id":25164,"date":"2025-07-18T14:02:02","date_gmt":"2025-07-18T12:02:02","guid":{"rendered":"https:\/\/talking-hope.org\/?page_id=25164"},"modified":"2025-07-18T14:07:31","modified_gmt":"2025-07-18T12:07:31","slug":"talking-hope-in-the-media-2","status":"publish","type":"page","link":"https:\/\/talking-hope.org\/de\/news\/talking-hope-in-the-media-2\/","title":{"rendered":"Talking Hope in den Medien"},"content":{"rendered":"<div class=\"gb-container gb-container-bb5c9806\">\n<div class=\"gb-container gb-container-415d1cfd\">\n\n<h1 class=\"gb-headline gb-headline-87f13c0f gb-headline-text\">Sprechen Sie uns an!<\/h1>\n\n\n<div class=\"gb-container gb-container-bbb0d8b5\">\n\n<p class=\"has-base-3-color has-text-color has-link-color wp-elements-9695e09beb0ce9ff2db4e1ee76fe7c4d\" style=\"font-size:23px\">Wir freuen uns \u00fcber das Presse-Echo zu unseren Aktivit\u00e4ten. Hier finden Sie eine Auswahl von Medienberichten \u00fcber uns und unsere Arbeit sowie unseren Pressekontakt.<\/p>\n\n<\/div>\n<\/div>\n<div class=\"gb-shapes\"><div class=\"gb-shape gb-shape-1\"><svg xmlns=\"http:\/\/www.w3.org\/2000\/svg\" viewbox=\"0 0 1200 350\" preserveaspectratio=\"none\"><path d=\"M1200 350V0C22.4 60.3 0 336.7 0 336.7V350h1200z\"\/><\/svg><\/div><\/div><\/div>\n\n<div class=\"gb-container gb-container-66e099ac\">\n<div class=\"gb-container gb-container-f7f1e4fa gbp-section\">\n<div class=\"gb-container gb-container-8f7af71d gbp-section__inner\">\n<div class=\"gb-container gb-container-610264cd\">\n\n<h1 class=\"gb-headline gb-headline-fa3e70d0 gb-headline-text\">PRESSEKONTAKT<\/h1>\n\n\n\n<p class=\"gb-headline gb-headline-873401fd gb-headline-text\">Sie m\u00f6chten als Journalist:in mehr \u00fcber unsere Arbeit erfahren oder suchen eine:n Gespr\u00e4chspartner:in zu unseren Themen? Oder Sie m\u00f6chten sich f\u00fcr unseren Presseverteiler anmelden?<br>Dann schreiben Sie uns an: <a href=\"mailto:presse@talking-hope.org\">presse@talking-hope.org<\/a> oder rufen Sie uns an: 0176 8479 6389<\/p>\n\n<\/div>\n<\/div>\n<\/div>\n<div class=\"gb-shapes\"><div class=\"gb-shape gb-shape-1\"><svg xmlns=\"http:\/\/www.w3.org\/2000\/svg\" viewbox=\"0 0 1200 218\" preserveaspectratio=\"none\"><path d=\"M0 218h1200v-31.3l-40 4.4c-40 4.8-120 13.1-200 0-80-13.6-160-48.6-240-66.7-80-17.8-160-17.8-240-8.8-80 8.6-160 26.9-240 8.8-80-17.7-160-71.1-200-97.7L0 0v218z\"\/><\/svg><\/div><\/div><\/div>\n\n<div class=\"gb-container gb-container-2ff0f4af\">\n<div class=\"gb-container gb-container-abfcddd2 gbp-section\">\n<div class=\"gb-container gb-container-cda547c9 gbp-section__inner\">\n<div class=\"gb-container gb-container-d64a8cb6\">\n\n<h1 class=\"gb-headline gb-headline-d89c86bd gb-headline-text\">Talking Hope in den Medien<\/h1>\n\n\n<div class=\"gb-container gb-container-805fdc63 gbp-section\">\n<div class=\"gb-container gb-container-6926cff5\">\n\n<div class=\"gb-grid-wrapper gb-grid-wrapper-8ab2e4c6 gb-query-loop-wrapper\">\n<div class=\"gb-grid-column gb-grid-column-c5520242 gb-query-loop-item post-25367 post type-post status-publish format-standard has-post-thumbnail hentry category-press_coverage\"><div class=\"gb-container gb-container-c5520242 gbp-card--border\">\n<div class=\"gb-container gb-container-646b8293\" style=\"--background-image: url(https:\/\/i0.wp.com\/talking-hope.org\/wp-content\/uploads\/2025\/11\/Bildschirmfoto-2025-11-19-um-15.29.37.png?fit=1329%2C1229&#038;ssl=1);\"><a class=\"gb-container-link\" href=\"https:\/\/talking-hope.org\/de\/25367-2\/\"><\/a><\/div>\n\n<div class=\"gb-container gb-container-7c5baa08 gbp-card\">\n<div class=\"gb-headline gb-headline-c09b6c9b gb-headline-text gbp-card__meta-text\"><time class=\"entry-date published\" datetime=\"2025-11-19T15:33:13+01:00\">19.11.25<\/time><\/div>\n\n<h3 class=\"gb-headline gb-headline-b44ac050 gb-headline-text gbp-card__title\"><a href=\"https:\/\/talking-hope.org\/de\/25367-2\/\">Wie soziale Ungleichheit den Klima\u00adschutz bremst<\/a><\/h3>\n<\/div>\n<\/div><\/div>\n\n<div class=\"gb-grid-column gb-grid-column-c5520242 gb-query-loop-item post-25295 post type-post status-publish format-standard has-post-thumbnail hentry category-press_coverage\"><div class=\"gb-container gb-container-c5520242 gbp-card--border\">\n<div class=\"gb-container gb-container-646b8293\" style=\"--background-image: url(https:\/\/i0.wp.com\/talking-hope.org\/wp-content\/uploads\/2025\/09\/RF_plain-900x501-1.png?fit=900%2C591&#038;ssl=1);\"><a class=\"gb-container-link\" href=\"https:\/\/talking-hope.org\/de\/zukunft-lernen-hoffnung-uben\/\"><\/a><\/div>\n\n<div class=\"gb-container gb-container-7c5baa08 gbp-card\">\n<div class=\"gb-headline gb-headline-c09b6c9b gb-headline-text gbp-card__meta-text\"><time class=\"entry-date published\" datetime=\"2025-09-24T16:54:32+02:00\">24.09.25<\/time><\/div>\n\n<h3 class=\"gb-headline gb-headline-b44ac050 gb-headline-text gbp-card__title\"><a href=\"https:\/\/talking-hope.org\/de\/zukunft-lernen-hoffnung-uben\/\">Zukunft lernen \u2013 Hoffnung \u00fcben: Politische Bildung \u00fcber die Krise hinaus<\/a><\/h3>\n<\/div>\n<\/div><\/div>\n\n<div class=\"gb-grid-column gb-grid-column-c5520242 gb-query-loop-item post-25278 post type-post status-publish format-standard has-post-thumbnail hentry category-press_coverage\"><div class=\"gb-container gb-container-c5520242 gbp-card--border\">\n<div class=\"gb-container gb-container-646b8293\" style=\"--background-image: url(https:\/\/i0.wp.com\/talking-hope.org\/wp-content\/uploads\/2025\/09\/Publikation_Wirtschaft_und_Gesellschaft_1_2025_mccormack.jpg?fit=476%2C680&#038;ssl=1);\"><a class=\"gb-container-link\" href=\"https:\/\/talking-hope.org\/de\/von-klimakrise-zu-zukunftsgestaltung\/\"><\/a><\/div>\n\n<div class=\"gb-container gb-container-7c5baa08 gbp-card\">\n<div class=\"gb-headline gb-headline-c09b6c9b gb-headline-text gbp-card__meta-text\"><time class=\"entry-date published\" datetime=\"2025-09-12T10:00:00+02:00\">12.09.25<\/time><\/div>\n\n<h3 class=\"gb-headline gb-headline-b44ac050 gb-headline-text gbp-card__title\"><a href=\"https:\/\/talking-hope.org\/de\/von-klimakrise-zu-zukunftsgestaltung\/\">Von Klimakrise zu Zukunftsgestaltung<\/a><\/h3>\n<\/div>\n<\/div><\/div>\n\n<div class=\"gb-grid-column gb-grid-column-c5520242 gb-query-loop-item post-25185 post type-post status-publish format-standard has-post-thumbnail hentry category-press_coverage\"><div class=\"gb-container gb-container-c5520242 gbp-card--border\">\n<div class=\"gb-container gb-container-646b8293\" style=\"--background-image: url(https:\/\/i0.wp.com\/talking-hope.org\/wp-content\/uploads\/2025\/07\/Bildschirmfoto-2025-07-02-um-21.06.15.png?fit=1344%2C965&#038;ssl=1);\"><a class=\"gb-container-link\" href=\"https:\/\/talking-hope.org\/de\/westerwaelder-zeitung\/\"><\/a><\/div>\n\n<div class=\"gb-container gb-container-7c5baa08 gbp-card\">\n<div class=\"gb-headline gb-headline-c09b6c9b gb-headline-text gbp-card__meta-text\"><time class=\"entry-date published\" datetime=\"2025-07-01T08:00:00+02:00\">01.07.25<\/time><\/div>\n\n<h3 class=\"gb-headline gb-headline-b44ac050 gb-headline-text gbp-card__title\"><a href=\"https:\/\/talking-hope.org\/de\/westerwaelder-zeitung\/\">Westerwaelder Zeitung: Junge Eiche steht f\u00fcr das Prinzip Hoffnung<\/a><\/h3>\n<\/div>\n<\/div><\/div>\n\n<div class=\"gb-grid-column gb-grid-column-c5520242 gb-query-loop-item post-25179 post type-post status-publish format-standard has-post-thumbnail hentry category-press_coverage\"><div class=\"gb-container gb-container-c5520242 gbp-card--border\">\n<div class=\"gb-container gb-container-646b8293\" style=\"--background-image: url(https:\/\/i0.wp.com\/talking-hope.org\/wp-content\/uploads\/2025\/05\/Westerwaelder-Zeitung-23.06.2025.png?fit=404%2C770&#038;ssl=1);\"><a class=\"gb-container-link\" href=\"https:\/\/talking-hope.org\/de\/westerwaelder-zeitung-aufruf-zur-hoffnung-in-zeiten-der-angst\/\"><\/a><\/div>\n\n<div class=\"gb-container gb-container-7c5baa08 gbp-card\">\n<div class=\"gb-headline gb-headline-c09b6c9b gb-headline-text gbp-card__meta-text\"><time class=\"entry-date published\" datetime=\"2025-06-23T08:00:00+02:00\">23.06.25<\/time><\/div>\n\n<h3 class=\"gb-headline gb-headline-b44ac050 gb-headline-text gbp-card__title\"><a href=\"https:\/\/talking-hope.org\/de\/westerwaelder-zeitung-aufruf-zur-hoffnung-in-zeiten-der-angst\/\">Westerwaelder Zeitung: Aufruf zur Hoffnung in Zeiten der Angst<\/a><\/h3>\n<\/div>\n<\/div><\/div>\n\n<div class=\"gb-grid-column gb-grid-column-c5520242 gb-query-loop-item post-25086 post type-post status-publish format-standard has-post-thumbnail hentry category-press_coverage\"><div class=\"gb-container gb-container-c5520242 gbp-card--border\">\n<div class=\"gb-container gb-container-646b8293\" style=\"--background-image: url(https:\/\/i0.wp.com\/talking-hope.org\/wp-content\/uploads\/2025\/05\/Klimareporter-e1752703985629.png?fit=950%2C860&#038;ssl=1);\"><a class=\"gb-container-link\" href=\"https:\/\/talking-hope.org\/de\/klimareporter\/\"><\/a><\/div>\n\n<div class=\"gb-container gb-container-7c5baa08 gbp-card\">\n<div class=\"gb-headline gb-headline-c09b6c9b gb-headline-text gbp-card__meta-text\"><time class=\"entry-date published\" datetime=\"2025-05-28T12:00:00+02:00\">28.05.25<\/time><\/div>\n\n<h3 class=\"gb-headline gb-headline-b44ac050 gb-headline-text gbp-card__title\"><a href=\"https:\/\/talking-hope.org\/de\/klimareporter\/\">Klimareporter: Junge Erwachsene im Krisen-Klima<\/a><\/h3>\n<\/div>\n<\/div><\/div>\n<\/div>\n\n<\/div>\n<\/div>\n<\/div>\n<\/div>\n<\/div>\n<div class=\"gb-shapes\"><div class=\"gb-shape gb-shape-1\"><svg xmlns=\"http:\/\/www.w3.org\/2000\/svg\" viewbox=\"0 0 1200 218\" preserveaspectratio=\"none\"><path d=\"M0 218h1200v-31.3l-40 4.4c-40 4.8-120 13.1-200 0-80-13.6-160-48.6-240-66.7-80-17.8-160-17.8-240-8.8-80 8.6-160 26.9-240 8.8-80-17.7-160-71.1-200-97.7L0 0v218z\"\/><\/svg><\/div><\/div><\/div>","protected":false},"excerpt":{"rendered":"<p>LET\u2019S TALK! We welcome media interest in our work! Here you\u2019ll find a selection of press coverage about us and &#8230; <\/p>\n<p class=\"read-more-container\"><a title=\"Talking Hope in den Medien\" class=\"read-more button\" href=\"https:\/\/talking-hope.org\/de\/news\/talking-hope-in-the-media-2\/#more-25164\" aria-label=\"Mehr Informationen \u00fcber TALKING HOPE IN THE MEDIA\">Read more<\/a><\/p>","protected":false},"author":1,"featured_media":0,"parent":24613,"menu_order":4,"comment_status":"closed","ping_status":"closed","template":"","meta":{"_seopress_robots_primary_cat":"","_seopress_titles_title":"LET\u2019S TALK!","_seopress_titles_desc":"TALKING HOPE IN THE MEDIA","_seopress_robots_index":"","inline_featured_image":false,"footnotes":""},"class_list":{"0":"post-25164","1":"page","2":"type-page","3":"status-publish","5":"no-featured-image-padding"},"jetpack_sharing_enabled":true,"_links":{"self":[{"href":"https:\/\/talking-hope.org\/de\/wp-json\/wp\/v2\/pages\/25164","targetHints":{"allow":["GET"]}}],"collection":[{"href":"https:\/\/talking-hope.org\/de\/wp-json\/wp\/v2\/pages"}],"about":[{"href":"https:\/\/talking-hope.org\/de\/wp-json\/wp\/v2\/types\/page"}],"author":[{"embeddable":true,"href":"https:\/\/talking-hope.org\/de\/wp-json\/wp\/v2\/users\/1"}],"replies":[{"embeddable":true,"href":"https:\/\/talking-hope.org\/de\/wp-json\/wp\/v2\/comments?post=25164"}],"version-history":[{"count":5,"href":"https:\/\/talking-hope.org\/de\/wp-json\/wp\/v2\/pages\/25164\/revisions"}],"predecessor-version":[{"id":25200,"href":"https:\/\/talking-hope.org\/de\/wp-json\/wp\/v2\/pages\/25164\/revisions\/25200"}],"up":[{"embeddable":true,"href":"https:\/\/talking-hope.org\/de\/wp-json\/wp\/v2\/pages\/24613"}],"wp:attachment":[{"href":"https:\/\/talking-hope.org\/de\/wp-json\/wp\/v2\/media?parent=25164"}],"curies":[{"name":"wp","href":"https:\/\/api.w.org\/{rel}","templated":true}]}}