{"id":24916,"date":"2025-05-16T11:40:03","date_gmt":"2025-05-16T09:40:03","guid":{"rendered":"https:\/\/talking-hope.org\/?page_id=24916"},"modified":"2025-07-07T14:47:11","modified_gmt":"2025-07-07T12:47:11","slug":"mercator-ii","status":"publish","type":"page","link":"https:\/\/talking-hope.org\/de\/mercator-ii\/","title":{"rendered":"Social Climate Project"},"content":{"rendered":"<div class=\"gb-container gb-container-70a85035\">\n<div class=\"gb-container gb-container-732e7198\">\n<div class=\"gb-container gb-container-d4d67ecc\">\n\n<h1 class=\"gb-headline gb-headline-5a5df192 gb-headline-text\"><strong>SOCIAL CLIMATE PROJECT<\/strong><\/h1>\n\n\n\n<h1 class=\"gb-headline gb-headline-55dce7ce gb-headline-text\"><\/h1>\n\n<\/div>\n<\/div>\n\n<div class=\"gb-container gb-container-8a1dfe02\">\n<div class=\"gb-container gb-container-1ed1dc22\">\n\n<figure class=\"gb-block-image gb-block-image-0414021c\"><img data-recalc-dims=\"1\" loading=\"lazy\" decoding=\"async\" width=\"1024\" height=\"1024\" class=\"gb-image gb-image-0414021c\" src=\"https:\/\/i0.wp.com\/talking-hope.org\/wp-content\/uploads\/2024\/10\/Ohr.png?resize=1024%2C1024&#038;ssl=1\" alt=\"\" title=\"Ohr\" srcset=\"https:\/\/i0.wp.com\/talking-hope.org\/wp-content\/uploads\/2024\/10\/Ohr.png?resize=1024%2C1024&amp;ssl=1 1024w, https:\/\/i0.wp.com\/talking-hope.org\/wp-content\/uploads\/2024\/10\/Ohr.png?resize=300%2C300&amp;ssl=1 300w, https:\/\/i0.wp.com\/talking-hope.org\/wp-content\/uploads\/2024\/10\/Ohr.png?resize=150%2C150&amp;ssl=1 150w, https:\/\/i0.wp.com\/talking-hope.org\/wp-content\/uploads\/2024\/10\/Ohr.png?resize=768%2C768&amp;ssl=1 768w, https:\/\/i0.wp.com\/talking-hope.org\/wp-content\/uploads\/2024\/10\/Ohr.png?resize=1536%2C1536&amp;ssl=1 1536w, https:\/\/i0.wp.com\/talking-hope.org\/wp-content\/uploads\/2024\/10\/Ohr.png?resize=12%2C12&amp;ssl=1 12w, https:\/\/i0.wp.com\/talking-hope.org\/wp-content\/uploads\/2024\/10\/Ohr.png?w=2000&amp;ssl=1 2000w\" sizes=\"auto, (max-width: 1024px) 100vw, 1024px\" \/><\/figure>\n\n<\/div>\n<div class=\"gb-shapes\"><div class=\"gb-shape gb-shape-1\"><svg xmlns=\"http:\/\/www.w3.org\/2000\/svg\" viewbox=\"0 0 1200 350\" preserveaspectratio=\"none\"><path d=\"M1200 350V0C22.4 60.3 0 336.7 0 336.7V350h1200z\"\/><\/svg><\/div><\/div><\/div>\n\n<div class=\"gb-container gb-container-82c316e6\">\n<div class=\"gb-container gb-container-300056bd\">\n<div class=\"gb-container gb-container-3faa05af\">\n\n<h1 class=\"gb-headline gb-headline-a4669590 gb-headline-text\">SOCIAL CLIMATE PROJECT<\/h1>\n\n\n\n<p class=\"gb-headline gb-headline-a201db15 gb-headline-text\"><strong><strong><strong><strong>Von jungen Menschen, f\u00fcr junge Menschen<\/strong><\/strong><\/strong><\/strong><\/p>\n\n\n\n<p style=\"font-size:20px\"><strong><strong>Neue Wege f\u00fcr einen sozial gerechten Klimaschutz<\/strong><\/strong><br><mark style=\"background-color:rgba(0, 0, 0, 0)\" class=\"has-inline-color has-accent-2-color\">April 2025 \u2013 M\u00e4rz 2027&nbsp;<\/mark><\/p>\n\n<\/div>\n\n<div class=\"gb-container gb-container-6a3ed445\">\n\n<p style=\"font-size:20px\">Im Social Climate Project entwickeln junge Erwachsene aus sozial benachteiligenden Lebensumfeldern ihre eigenen Antworten auf die Klimakrise \u2013 kreativ, mutig und gemeinschaftlich. Aufbauend auf den Erkenntnissen unseres <a href=\"https:\/\/talking-hope.org\/de\/scoping-project\/\" data-type=\"page\" data-id=\"24879\">Scoping Project<\/a>\u00a0f\u00f6rdern wir gezielt die gesellschaftliche Selbstwirksamkeit und demokratische Teilhabe von jungen Erwachsenen, deren Stimmen in Klima- und Demokratieprozessen bislang oft \u00fcberh\u00f6rt werden.\u00a0<\/p>\n\n\n\n<p style=\"font-size:20px\"><strong>Unser Ziel:<\/strong> Klimaschutz greifbar und sozial gerechter machen \u2013 durch Formate, die an Lebensrealit\u00e4ten anschlie\u00dfen und Teilhabe erm\u00f6glichen.&nbsp;<\/p>\n\n\n\n<p style=\"font-size:20px\">Das Social Climate Project ist ein peergef\u00fchrtes und partizipatives Bildungs- und Beteiligungsprojekt mit Fokus auf junge Erwachsene mit l\u00e4ndlichem, ostdeutschen und migrantischen Hintergr\u00fcnden und\/oder mit formal niedriger Bildung. In Workshops wie \u201eFuture You\u201c setzen sich Teilnehmende mit Zukunftsbildern auseinander, st\u00e4rken ihre Resilienz und entwerfen eigene Projekte f\u00fcr gesellschaftliches Engagement und Klimaschutz. Der Ansatz ist dabei \u201cbottom-up\u201d und arbeitet mit offenen Prozessen. Erg\u00e4nzt wird das Projekt durch Social Media Outreach, einen Podcast, das \u201eFuture Playbook\u201c und die Social Climate Futures Convention \u2013 ein Begegnungsort f\u00fcr junge Ideen und kollektiven Wandel. Das Projekt wird von der Stiftung Mercator gef\u00f6rdert.<\/p>\n\n\n\n<p style=\"font-size:20px\">Weitere Informationen finden Sie <a href=\"https:\/\/talking-hope.org\/de\/open-event-20-05-2025\/\" target=\"_blank\" rel=\"noreferrer noopener\">finden Sie hier<\/a>.&nbsp;<\/p>\n\n\n\n<p class=\"gb-headline gb-headline-b2ccd5e6 gb-headline-text\">Wir freuen uns auf Ihren Besuch auf unseren Social-Media-Accounts!<\/p>\n\n\n<div class=\"gb-container gb-container-1fb9d1a2\">\n<div class=\"gb-grid-wrapper gb-grid-wrapper-ed02f009\">\n<div class=\"gb-grid-column gb-grid-column-a6e01d37\"><div class=\"gb-container gb-container-a6e01d37\">\n\n<figure class=\"gb-block-image gb-block-image-11e5154e\"><img data-recalc-dims=\"1\" loading=\"lazy\" decoding=\"async\" width=\"1024\" height=\"277\" class=\"gb-image gb-image-11e5154e\" src=\"https:\/\/i0.wp.com\/talking-hope.org\/wp-content\/uploads\/2023\/05\/2_mercator.png?resize=1024%2C277&#038;ssl=1\" alt=\"\" title=\"2_mercator\" srcset=\"https:\/\/i0.wp.com\/talking-hope.org\/wp-content\/uploads\/2023\/05\/2_mercator.png?resize=1024%2C277&amp;ssl=1 1024w, https:\/\/i0.wp.com\/talking-hope.org\/wp-content\/uploads\/2023\/05\/2_mercator.png?resize=300%2C81&amp;ssl=1 300w, https:\/\/i0.wp.com\/talking-hope.org\/wp-content\/uploads\/2023\/05\/2_mercator.png?resize=768%2C208&amp;ssl=1 768w, https:\/\/i0.wp.com\/talking-hope.org\/wp-content\/uploads\/2023\/05\/2_mercator.png?resize=1536%2C415&amp;ssl=1 1536w, https:\/\/i0.wp.com\/talking-hope.org\/wp-content\/uploads\/2023\/05\/2_mercator.png?resize=18%2C5&amp;ssl=1 18w, https:\/\/i0.wp.com\/talking-hope.org\/wp-content\/uploads\/2023\/05\/2_mercator.png?w=2000&amp;ssl=1 2000w\" sizes=\"auto, (max-width: 1024px) 100vw, 1024px\" \/><\/figure>\n\n\n\n<ul class=\"wp-block-social-links has-normal-icon-size has-icon-color has-icon-background-color is-style-default is-horizontal is-content-justification-center is-layout-flex wp-container-core-social-links-is-layout-937ffba9 wp-block-social-links-is-layout-flex\"><li style=\"color:var(u002du002dbase-2);background-color:var(u002du002daccent-2);\" class=\"wp-social-link wp-social-link-linkedin has-base-2-color has-accent-2-background-color wp-block-social-link\"><a rel=\"noopener nofollow\" target=\"_blank\" href=\"https:\/\/www.linkedin.com\/company\/stiftung-mercator\/\" class=\"wp-block-social-link-anchor\"><svg width=\"24\" height=\"24\" viewbox=\"0 0 24 24\" version=\"1.1\" xmlns=\"http:\/\/www.w3.org\/2000\/svg\" aria-hidden=\"true\" focusable=\"false\"><path d=\"M19.7,3H4.3C3.582,3,3,3.582,3,4.3v15.4C3,20.418,3.582,21,4.3,21h15.4c0.718,0,1.3-0.582,1.3-1.3V4.3 C21,3.582,20.418,3,19.7,3z M8.339,18.338H5.667v-8.59h2.672V18.338z M7.004,8.574c-0.857,0-1.549-0.694-1.549-1.548 c0-0.855,0.691-1.548,1.549-1.548c0.854,0,1.547,0.694,1.547,1.548C8.551,7.881,7.858,8.574,7.004,8.574z M18.339,18.338h-2.669 v-4.177c0-0.996-0.017-2.278-1.387-2.278c-1.389,0-1.601,1.086-1.601,2.206v4.249h-2.667v-8.59h2.559v1.174h0.037 c0.356-0.675,1.227-1.387,2.526-1.387c2.703,0,3.203,1.779,3.203,4.092V18.338z\"><\/path><\/svg><span class=\"wp-block-social-link-label screen-reader-text\">LinkedIn<\/span><\/a><\/li>\n\n<li style=\"color:var(u002du002dbase-2);background-color:var(u002du002daccent-2);\" class=\"wp-social-link wp-social-link-youtube has-base-2-color has-accent-2-background-color wp-block-social-link\"><a rel=\"noopener nofollow\" target=\"_blank\" href=\"https:\/\/www.youtube.com\/user\/StiftungMercator\" class=\"wp-block-social-link-anchor\"><svg width=\"24\" height=\"24\" viewbox=\"0 0 24 24\" version=\"1.1\" xmlns=\"http:\/\/www.w3.org\/2000\/svg\" aria-hidden=\"true\" focusable=\"false\"><path d=\"M21.8,8.001c0,0-0.195-1.378-0.795-1.985c-0.76-0.797-1.613-0.801-2.004-0.847c-2.799-0.202-6.997-0.202-6.997-0.202 h-0.009c0,0-4.198,0-6.997,0.202C4.608,5.216,3.756,5.22,2.995,6.016C2.395,6.623,2.2,8.001,2.2,8.001S2,9.62,2,11.238v1.517 c0,1.618,0.2,3.237,0.2,3.237s0.195,1.378,0.795,1.985c0.761,0.797,1.76,0.771,2.205,0.855c1.6,0.153,6.8,0.201,6.8,0.201 s4.203-0.006,7.001-0.209c0.391-0.047,1.243-0.051,2.004-0.847c0.6-0.607,0.795-1.985,0.795-1.985s0.2-1.618,0.2-3.237v-1.517 C22,9.62,21.8,8.001,21.8,8.001z M9.935,14.594l-0.001-5.62l5.404,2.82L9.935,14.594z\"><\/path><\/svg><span class=\"wp-block-social-link-label screen-reader-text\">YouTube<\/span><\/a><\/li><\/ul>\n\n<\/div><\/div>\n\n<div class=\"gb-grid-column gb-grid-column-f93a85d4\"><div class=\"gb-container gb-container-f93a85d4\">\n\n<figure class=\"gb-block-image gb-block-image-7b95286c\"><a href=\"https:\/\/talking-hope.org\/de\/\" target=\"_blank\" rel=\"noopener noreferrer\"><img data-recalc-dims=\"1\" loading=\"lazy\" decoding=\"async\" width=\"540\" height=\"350\" class=\"gb-image gb-image-7b95286c\" src=\"https:\/\/i0.wp.com\/talking-hope.org\/wp-content\/uploads\/2025\/04\/HAUPTMARKE-AUF-WEISS-UND-AUF-CREAM-AUBERGINE.png?resize=540%2C350&#038;ssl=1\" alt=\"\" title=\"HAUPTMARKE - AUF WEISS UND AUF CREAM - AUBERGINE\" srcset=\"https:\/\/i0.wp.com\/talking-hope.org\/wp-content\/uploads\/2025\/04\/HAUPTMARKE-AUF-WEISS-UND-AUF-CREAM-AUBERGINE.png?w=540&amp;ssl=1 540w, https:\/\/i0.wp.com\/talking-hope.org\/wp-content\/uploads\/2025\/04\/HAUPTMARKE-AUF-WEISS-UND-AUF-CREAM-AUBERGINE.png?resize=300%2C194&amp;ssl=1 300w, https:\/\/i0.wp.com\/talking-hope.org\/wp-content\/uploads\/2025\/04\/HAUPTMARKE-AUF-WEISS-UND-AUF-CREAM-AUBERGINE.png?resize=18%2C12&amp;ssl=1 18w\" sizes=\"auto, (max-width: 540px) 100vw, 540px\" \/><\/a><\/figure>\n\n\n\n<ul class=\"wp-block-social-links has-normal-icon-size has-icon-color has-icon-background-color is-style-default is-horizontal is-layout-flex wp-block-social-links-is-layout-flex\"><li style=\"color:var(u002du002dbase-2);background-color:var(u002du002daccent-2);\" class=\"wp-social-link wp-social-link-bluesky has-base-2-color has-accent-2-background-color wp-block-social-link\"><a rel=\"noopener nofollow\" target=\"_blank\" href=\"https:\/\/bsky.app\/profile\/talking-hope.bsky.social\" class=\"wp-block-social-link-anchor\"><svg width=\"24\" height=\"24\" viewbox=\"0 0 24 24\" version=\"1.1\" xmlns=\"http:\/\/www.w3.org\/2000\/svg\" aria-hidden=\"true\" focusable=\"false\"><path d=\"M6.3,4.2c2.3,1.7,4.8,5.3,5.7,7.2.9-1.9,3.4-5.4,5.7-7.2,1.7-1.3,4.3-2.2,4.3.9s-.4,5.2-.6,5.9c-.7,2.6-3.3,3.2-5.6,2.8,4,.7,5.1,3,2.9,5.3-5,5.2-6.7-2.8-6.7-2.8,0,0-1.7,8-6.7,2.8-2.2-2.3-1.2-4.6,2.9-5.3-2.3.4-4.9-.3-5.6-2.8-.2-.7-.6-5.3-.6-5.9,0-3.1,2.7-2.1,4.3-.9h0Z\"><\/path><\/svg><span class=\"wp-block-social-link-label screen-reader-text\">Bluesky<\/span><\/a><\/li>\n\n<li style=\"color:var(u002du002dbase-2);background-color:var(u002du002daccent-2);\" class=\"wp-social-link wp-social-link-facebook has-base-2-color has-accent-2-background-color wp-block-social-link\"><a rel=\"noopener nofollow\" target=\"_blank\" href=\"https:\/\/www.facebook.com\/talkinghope.org\/\" class=\"wp-block-social-link-anchor\"><svg width=\"24\" height=\"24\" viewbox=\"0 0 24 24\" version=\"1.1\" xmlns=\"http:\/\/www.w3.org\/2000\/svg\" aria-hidden=\"true\" focusable=\"false\"><path d=\"M12 2C6.5 2 2 6.5 2 12c0 5 3.7 9.1 8.4 9.9v-7H7.9V12h2.5V9.8c0-2.5 1.5-3.9 3.8-3.9 1.1 0 2.2.2 2.2.2v2.5h-1.3c-1.2 0-1.6.8-1.6 1.6V12h2.8l-.4 2.9h-2.3v7C18.3 21.1 22 17 22 12c0-5.5-4.5-10-10-10z\"><\/path><\/svg><span class=\"wp-block-social-link-label screen-reader-text\">Facebook<\/span><\/a><\/li>\n\n<li style=\"color:var(u002du002dbase-2);background-color:var(u002du002daccent-2);\" class=\"wp-social-link wp-social-link-instagram has-base-2-color has-accent-2-background-color wp-block-social-link\"><a rel=\"noopener nofollow\" target=\"_blank\" href=\"https:\/\/www.instagram.com\/talking_hope?igsh=MThwOTdhcHFranRveg==\" class=\"wp-block-social-link-anchor\"><svg width=\"24\" height=\"24\" viewbox=\"0 0 24 24\" version=\"1.1\" xmlns=\"http:\/\/www.w3.org\/2000\/svg\" aria-hidden=\"true\" focusable=\"false\"><path d=\"M12,4.622c2.403,0,2.688,0.009,3.637,0.052c0.877,0.04,1.354,0.187,1.671,0.31c0.42,0.163,0.72,0.358,1.035,0.673 c0.315,0.315,0.51,0.615,0.673,1.035c0.123,0.317,0.27,0.794,0.31,1.671c0.043,0.949,0.052,1.234,0.052,3.637 s-0.009,2.688-0.052,3.637c-0.04,0.877-0.187,1.354-0.31,1.671c-0.163,0.42-0.358,0.72-0.673,1.035 c-0.315,0.315-0.615,0.51-1.035,0.673c-0.317,0.123-0.794,0.27-1.671,0.31c-0.949,0.043-1.233,0.052-3.637,0.052 s-2.688-0.009-3.637-0.052c-0.877-0.04-1.354-0.187-1.671-0.31c-0.42-0.163-0.72-0.358-1.035-0.673 c-0.315-0.315-0.51-0.615-0.673-1.035c-0.123-0.317-0.27-0.794-0.31-1.671C4.631,14.688,4.622,14.403,4.622,12 s0.009-2.688,0.052-3.637c0.04-0.877,0.187-1.354,0.31-1.671c0.163-0.42,0.358-0.72,0.673-1.035 c0.315-0.315,0.615-0.51,1.035-0.673c0.317-0.123,0.794-0.27,1.671-0.31C9.312,4.631,9.597,4.622,12,4.622 M12,3 C9.556,3,9.249,3.01,8.289,3.054C7.331,3.098,6.677,3.25,6.105,3.472C5.513,3.702,5.011,4.01,4.511,4.511 c-0.5,0.5-0.808,1.002-1.038,1.594C3.25,6.677,3.098,7.331,3.054,8.289C3.01,9.249,3,9.556,3,12c0,2.444,0.01,2.751,0.054,3.711 c0.044,0.958,0.196,1.612,0.418,2.185c0.23,0.592,0.538,1.094,1.038,1.594c0.5,0.5,1.002,0.808,1.594,1.038 c0.572,0.222,1.227,0.375,2.185,0.418C9.249,20.99,9.556,21,12,21s2.751-0.01,3.711-0.054c0.958-0.044,1.612-0.196,2.185-0.418 c0.592-0.23,1.094-0.538,1.594-1.038c0.5-0.5,0.808-1.002,1.038-1.594c0.222-0.572,0.375-1.227,0.418-2.185 C20.99,14.751,21,14.444,21,12s-0.01-2.751-0.054-3.711c-0.044-0.958-0.196-1.612-0.418-2.185c-0.23-0.592-0.538-1.094-1.038-1.594 c-0.5-0.5-1.002-0.808-1.594-1.038c-0.572-0.222-1.227-0.375-2.185-0.418C14.751,3.01,14.444,3,12,3L12,3z M12,7.378 c-2.552,0-4.622,2.069-4.622,4.622S9.448,16.622,12,16.622s4.622-2.069,4.622-4.622S14.552,7.378,12,7.378z M12,15 c-1.657,0-3-1.343-3-3s1.343-3,3-3s3,1.343,3,3S13.657,15,12,15z M16.804,6.116c-0.596,0-1.08,0.484-1.08,1.08 s0.484,1.08,1.08,1.08c0.596,0,1.08-0.484,1.08-1.08S17.401,6.116,16.804,6.116z\"><\/path><\/svg><span class=\"wp-block-social-link-label screen-reader-text\">Instagram<\/span><\/a><\/li>\n\n<li style=\"color:var(u002du002dbase-2);background-color:var(u002du002daccent-2);\" class=\"wp-social-link wp-social-link-linkedin has-base-2-color has-accent-2-background-color wp-block-social-link\"><a rel=\"noopener nofollow\" target=\"_blank\" href=\"https:\/\/www.linkedin.com\/company\/talking-hope\/\" class=\"wp-block-social-link-anchor\"><svg width=\"24\" height=\"24\" viewbox=\"0 0 24 24\" version=\"1.1\" xmlns=\"http:\/\/www.w3.org\/2000\/svg\" aria-hidden=\"true\" focusable=\"false\"><path d=\"M19.7,3H4.3C3.582,3,3,3.582,3,4.3v15.4C3,20.418,3.582,21,4.3,21h15.4c0.718,0,1.3-0.582,1.3-1.3V4.3 C21,3.582,20.418,3,19.7,3z M8.339,18.338H5.667v-8.59h2.672V18.338z M7.004,8.574c-0.857,0-1.549-0.694-1.549-1.548 c0-0.855,0.691-1.548,1.549-1.548c0.854,0,1.547,0.694,1.547,1.548C8.551,7.881,7.858,8.574,7.004,8.574z M18.339,18.338h-2.669 v-4.177c0-0.996-0.017-2.278-1.387-2.278c-1.389,0-1.601,1.086-1.601,2.206v4.249h-2.667v-8.59h2.559v1.174h0.037 c0.356-0.675,1.227-1.387,2.526-1.387c2.703,0,3.203,1.779,3.203,4.092V18.338z\"><\/path><\/svg><span class=\"wp-block-social-link-label screen-reader-text\">LinkedIn<\/span><\/a><\/li>\n\n<li style=\"color:var(u002du002dbase-2);background-color:var(u002du002daccent-2);\" class=\"wp-social-link wp-social-link-x has-base-2-color has-accent-2-background-color wp-block-social-link\"><a rel=\"noopener nofollow\" target=\"_blank\" href=\"https:\/\/x.com\/talkinghope1\" class=\"wp-block-social-link-anchor\"><svg width=\"24\" height=\"24\" viewbox=\"0 0 24 24\" version=\"1.1\" xmlns=\"http:\/\/www.w3.org\/2000\/svg\" aria-hidden=\"true\" focusable=\"false\"><path d=\"M13.982 10.622 20.54 3h-1.554l-5.693 6.618L8.745 3H3.5l6.876 10.007L3.5 21h1.554l6.012-6.989L15.868 21h5.245l-7.131-10.378Zm-2.128 2.474-.697-.997-5.543-7.93H8l4.474 6.4.697.996 5.815 8.318h-2.387l-4.745-6.787Z\" \/><\/svg><span class=\"wp-block-social-link-label screen-reader-text\">X<\/span><\/a><\/li><\/ul>\n\n<\/div><\/div>\n<\/div>\n<\/div>\n<\/div>\n<\/div>\n<div class=\"gb-shapes\"><div class=\"gb-shape gb-shape-1\"><svg xmlns=\"http:\/\/www.w3.org\/2000\/svg\" viewbox=\"0 0 1200 194.3\" preserveaspectratio=\"none\"><path d=\"M1200 133.3l-50 8.9c-50 8.6-150 26.9-250 31.1-100 4.2-200-4.2-300-26.7S400 89.2 300 62.2C200 35.8 100 17.5 50 8.9L0 0v194.3h1200v-61z\"\/><\/svg><\/div><\/div><\/div>\n<\/div>","protected":false},"excerpt":{"rendered":"<p>SOCIAL CLIMATE PROJECT SOCIAL CLIMATE PROJECT Empowering Youth for Climate Action Peer-led Engagement Initiative with Young AdultsApril 2025 \u2013 March &#8230; <\/p>\n<p class=\"read-more-container\"><a title=\"Social Climate Project\" class=\"read-more button\" href=\"https:\/\/talking-hope.org\/de\/mercator-ii\/#more-24916\" aria-label=\"Mehr Informationen \u00fcber Social Climate Project\">Read more<\/a><\/p>","protected":false},"author":1,"featured_media":0,"parent":0,"menu_order":0,"comment_status":"closed","ping_status":"closed","template":"","meta":{"_seopress_robots_primary_cat":"","_seopress_titles_title":"SOCIAL CLIMATE PROJECT","_seopress_titles_desc":"Education and Participation Project","_seopress_robots_index":"","inline_featured_image":false,"footnotes":""},"class_list":{"0":"post-24916","1":"page","2":"type-page","3":"status-publish","5":"no-featured-image-padding"},"jetpack_sharing_enabled":true,"_links":{"self":[{"href":"https:\/\/talking-hope.org\/de\/wp-json\/wp\/v2\/pages\/24916","targetHints":{"allow":["GET"]}}],"collection":[{"href":"https:\/\/talking-hope.org\/de\/wp-json\/wp\/v2\/pages"}],"about":[{"href":"https:\/\/talking-hope.org\/de\/wp-json\/wp\/v2\/types\/page"}],"author":[{"embeddable":true,"href":"https:\/\/talking-hope.org\/de\/wp-json\/wp\/v2\/users\/1"}],"replies":[{"embeddable":true,"href":"https:\/\/talking-hope.org\/de\/wp-json\/wp\/v2\/comments?post=24916"}],"version-history":[{"count":5,"href":"https:\/\/talking-hope.org\/de\/wp-json\/wp\/v2\/pages\/24916\/revisions"}],"predecessor-version":[{"id":25049,"href":"https:\/\/talking-hope.org\/de\/wp-json\/wp\/v2\/pages\/24916\/revisions\/25049"}],"wp:attachment":[{"href":"https:\/\/talking-hope.org\/de\/wp-json\/wp\/v2\/media?parent=24916"}],"curies":[{"name":"wp","href":"https:\/\/api.w.org\/{rel}","templated":true}]}}