{"id":23965,"date":"2024-10-04T21:48:25","date_gmt":"2024-10-04T19:48:25","guid":{"rendered":"https:\/\/talking-hope.org\/?page_id=23965"},"modified":"2026-02-11T14:40:23","modified_gmt":"2026-02-11T13:40:23","slug":"our-approach","status":"publish","type":"page","link":"https:\/\/talking-hope.org\/de\/our-approach\/","title":{"rendered":"Our approach"},"content":{"rendered":"<div class=\"gb-container gb-container-732e7198\">\n<div class=\"gb-container gb-container-d4d67ecc\">\n\n<h1 class=\"gb-headline gb-headline-5a5df192 gb-headline-text\"><\/h1>\n\n\n\n<h1 class=\"gb-headline gb-headline-55dce7ce gb-headline-text\"><strong>BR\u00dcCKEN F\u00dcR VER\u00c4NDERUNG<\/strong><\/h1>\n\n\n<div class=\"gb-container gb-container-76cc3f62\">\n\n<p class=\"has-base-3-color has-text-color\" style=\"font-size:23px\">Ver\u00e4nderung braucht Verst\u00e4ndigung \u2013 vor allem mit denen, die anderer Meinung sind oder andere Bed\u00fcrfnisse haben. Unser Ansatz beginnt mit Zuh\u00f6ren, Verstehen und Empathie. <br>Unsere Expertise ist eine sozial inklusive Kommunikation, die Br\u00fccken f\u00fcr neue L\u00f6sungswege und gemeinsame Ver\u00e4nderung baut.&nbsp;<\/p>\n\n<\/div>\n<\/div>\n<\/div>\n\n<div class=\"gb-container gb-container-8a1dfe02\">\n<div class=\"gb-container gb-container-1ed1dc22\">\n\n<figure class=\"gb-block-image gb-block-image-0414021c\"><img data-recalc-dims=\"1\" loading=\"lazy\" decoding=\"async\" width=\"1200\" height=\"1200\" class=\"gb-image gb-image-0414021c\" src=\"https:\/\/i0.wp.com\/talking-hope.org\/wp-content\/uploads\/2024\/10\/bruecke.png?resize=1200%2C1200&#038;ssl=1\" alt=\"\" title=\"bru\u0308cke\" srcset=\"https:\/\/i0.wp.com\/talking-hope.org\/wp-content\/uploads\/2024\/10\/bruecke.png?w=2000&amp;ssl=1 2000w, https:\/\/i0.wp.com\/talking-hope.org\/wp-content\/uploads\/2024\/10\/bruecke.png?resize=300%2C300&amp;ssl=1 300w, https:\/\/i0.wp.com\/talking-hope.org\/wp-content\/uploads\/2024\/10\/bruecke.png?resize=1024%2C1024&amp;ssl=1 1024w, https:\/\/i0.wp.com\/talking-hope.org\/wp-content\/uploads\/2024\/10\/bruecke.png?resize=150%2C150&amp;ssl=1 150w, https:\/\/i0.wp.com\/talking-hope.org\/wp-content\/uploads\/2024\/10\/bruecke.png?resize=768%2C768&amp;ssl=1 768w, https:\/\/i0.wp.com\/talking-hope.org\/wp-content\/uploads\/2024\/10\/bruecke.png?resize=1536%2C1536&amp;ssl=1 1536w, https:\/\/i0.wp.com\/talking-hope.org\/wp-content\/uploads\/2024\/10\/bruecke.png?resize=12%2C12&amp;ssl=1 12w\" sizes=\"auto, (max-width: 1200px) 100vw, 1200px\" \/><\/figure>\n\n<\/div>\n<div class=\"gb-shapes\"><div class=\"gb-shape gb-shape-1\"><svg xmlns=\"http:\/\/www.w3.org\/2000\/svg\" viewbox=\"0 0 1200 350\" preserveaspectratio=\"none\"><path d=\"M1200 350V0C22.4 60.3 0 336.7 0 336.7V350h1200z\"\/><\/svg><\/div><\/div><\/div>\n\n<div class=\"gb-container gb-container-339a1f01 smooth-scroll\" id=\"socially-inclusive-communication\">\n<div class=\"gb-container gb-container-ac75d288\">\n<div class=\"gb-container gb-container-0ff0bf06\">\n<div class=\"gb-container gb-container-dbaebf52\">\n\n<h2 class=\"gb-headline gb-headline-43bb6c8f gb-headline-text\">ZUKUNFTSF\u00c4HIGKEIT HEISST:<\/h2>\n\n\n\n<p class=\"gb-headline gb-headline-5082159d gb-headline-text\"><strong>Demokratische Teilhabe + Klimaschutz<\/strong><br><strong>+ Soziale Gerechtigkeit + Psychosoziale Gesundheit<\/strong><\/p>\n\n<\/div>\n\n<div class=\"gb-container gb-container-3ed86923\">\n\n<p>Zukunftsf\u00e4hig werden ist keine Ein-Thema-Aufgabe: Klimaschutz, soziale Gerechtigkeit, demokratische Teilhabe und psychische Gesundheit h\u00e4ngen voneinander ab. Fortschritt in einem Bereich gelingt nur, wenn die anderen mitgedacht werden. Talking Hope verbindet diese Ziele und bringt sie durch sozial inklusive Kommunikation und transformative Projekte in die Praxis.<\/p>\n\n<\/div>\n\n<div class=\"gb-container gb-container-178b9806\">\n\n<figure class=\"wp-block-image size-full\"><img data-recalc-dims=\"1\" loading=\"lazy\" decoding=\"async\" width=\"967\" height=\"328\" src=\"https:\/\/talking-hope.org\/wp-content\/uploads\/2026\/02\/Bild-1.png\" alt=\"\" class=\"wp-image-25525\" srcset=\"https:\/\/i0.wp.com\/talking-hope.org\/wp-content\/uploads\/2026\/02\/Bild-1.png?w=967&ssl=1 967w, https:\/\/i0.wp.com\/talking-hope.org\/wp-content\/uploads\/2026\/02\/Bild-1.png?resize=300%2C102&ssl=1 300w, https:\/\/i0.wp.com\/talking-hope.org\/wp-content\/uploads\/2026\/02\/Bild-1.png?resize=768%2C261&ssl=1 768w, https:\/\/i0.wp.com\/talking-hope.org\/wp-content\/uploads\/2026\/02\/Bild-1.png?resize=18%2C6&ssl=1 18w\" sizes=\"auto, (max-width: 967px) 100vw, 967px\" \/><\/figure>\n\n<\/div>\n<\/div>\n<\/div>\n<div class=\"gb-shapes\"><div class=\"gb-shape gb-shape-1\"><svg xmlns=\"http:\/\/www.w3.org\/2000\/svg\" viewbox=\"0 0 1200 194.3\" preserveaspectratio=\"none\"><path d=\"M1200 133.3l-50 8.9c-50 8.6-150 26.9-250 31.1-100 4.2-200-4.2-300-26.7S400 89.2 300 62.2C200 35.8 100 17.5 50 8.9L0 0v194.3h1200v-61z\"\/><\/svg><\/div><\/div><\/div>\n\n<div class=\"gb-container gb-container-42d9ac59\">\n<div class=\"gb-container gb-container-d6a33d81\">\n<div class=\"gb-container gb-container-5a414b8d\">\n<div class=\"gb-container gb-container-0a7013fc\">\n\n<h2 class=\"gb-headline gb-headline-913881f7 gb-headline-text\" id=\"framework\">DAS TALKING HOPE FRAMEWORK<\/br>\nF\u00dcR SOZIAL INKLUSIVE KOMMUNIKATION<\/h2>\n\n<\/div>\n\n<div class=\"gb-container gb-container-27f99b2e\">\n\n<p class=\"has-aubergine-color has-text-color\">Das <strong>Talking Hope Framework f\u00fcr sozial inklusive Kommunikation\u00a9<\/strong> ist ein wissenschaftlich fundierter, evidenzbasierter Ansatz aus Kommunikationsforschung, Psychologie, Didaktik, politischer Bildung, Soziologie und Sozialer Arbeit. Wir entwickeln Formate, die Vertrauen und Beteiligung schaffen, erarbeiten mit diversen Gruppen realistische, motivierende Zukunftsbilder und st\u00e4rken Selbstwirksamkeit sowie peer-gest\u00fctztes Engagement \u2013 f\u00fcr eine demokratische, gerechte und nachhaltige Zukunft.<\/p>\n\n\n\n<p class=\"translation-block\">Das Framework kann in organisatorischen, politischen und pers\u00f6nlichen Kontexten eingesetzt werden.<\/p>\n\n\n\n<p class=\"has-aubergine-color has-text-color\">Sie m\u00f6chten das <strong>Talking Hope Framework f\u00fcr sozial inklusive Kommunikation<\/strong><sup>\u00a9<\/sup>\u00a0nutzen? Wir bieten hierzu Workshops, Trainings, Vortr\u00e4ge und Key Notes an<strong>.&nbsp;&nbsp;<\/strong><\/p>\n\n\n\n<h2 class=\"gb-headline gb-headline-0b2f7389 gb-headline-text\"><strong>KONTAKTIEREN SIE UNS &gt;<\/strong> <a href=\"mailto:info@talking-hope.org\">info@talking-hope.org<\/a><\/h2>\n\n<\/div>\n<\/div>\n\n<div class=\"gb-container gb-container-a20c469d\">\n\n<figure class=\"gb-block-image gb-block-image-b3c55296\"><a href=\"https:\/\/talking-hope.org\/wp-content\/uploads\/2024\/10\/Framework_DE_hoch.jpg\" target=\"_blank\" rel=\"noopener noreferrer\"><img data-recalc-dims=\"1\" loading=\"lazy\" decoding=\"async\" width=\"1200\" height=\"744\" class=\"gb-image gb-image-b3c55296\" src=\"https:\/\/talking-hope.org\/wp-content\/uploads\/2024\/10\/Framework_DE_quer.png\" alt=\"\" title=\"Framework_EN_quer\" srcset=\"https:\/\/i0.wp.com\/talking-hope.org\/wp-content\/uploads\/2024\/10\/Framework_DE_quer.png?w=1973&ssl=1 1973w, https:\/\/i0.wp.com\/talking-hope.org\/wp-content\/uploads\/2024\/10\/Framework_DE_quer.png?resize=300%2C189&ssl=1 300w, https:\/\/i0.wp.com\/talking-hope.org\/wp-content\/uploads\/2024\/10\/Framework_DE_quer.png?resize=1024%2C644&ssl=1 1024w, https:\/\/i0.wp.com\/talking-hope.org\/wp-content\/uploads\/2024\/10\/Framework_DE_quer.png?resize=768%2C483&ssl=1 768w, https:\/\/i0.wp.com\/talking-hope.org\/wp-content\/uploads\/2024\/10\/Framework_DE_quer.png?resize=1536%2C965&ssl=1 1536w, https:\/\/i0.wp.com\/talking-hope.org\/wp-content\/uploads\/2024\/10\/Framework_DE_quer.png?resize=18%2C12&ssl=1 18w\" sizes=\"auto, (max-width: 1200px) 100vw, 1200px\" \/><\/a><\/figure>\n\n<\/div>\n<\/div>\n<div class=\"gb-shapes\"><div class=\"gb-shape gb-shape-1\"><svg xmlns=\"http:\/\/www.w3.org\/2000\/svg\" viewbox=\"0 0 1200 194.3\" preserveaspectratio=\"none\"><path d=\"M1200 133.3l-50 8.9c-50 8.6-150 26.9-250 31.1-100 4.2-200-4.2-300-26.7S400 89.2 300 62.2C200 35.8 100 17.5 50 8.9L0 0v194.3h1200v-61z\"\/><\/svg><\/div><\/div><\/div>\n\n<div class=\"gb-container gb-container-1775b2d4 smooth-scroll\">\n<div class=\"gb-container gb-container-fbf9a84d\">\n<div class=\"gb-grid-wrapper gb-grid-wrapper-9e66f682\">\n<div class=\"gb-grid-column gb-grid-column-1a9e66a3\"><div class=\"gb-container gb-container-1a9e66a3\">\n\n<figure class=\"gb-block-image gb-block-image-edc32346\"><img data-recalc-dims=\"1\" loading=\"lazy\" decoding=\"async\" width=\"1200\" height=\"1199\" class=\"gb-image gb-image-edc32346\" src=\"https:\/\/i0.wp.com\/talking-hope.org\/wp-content\/uploads\/2024\/10\/HOPE.png?resize=1200%2C1199&#038;ssl=1\" alt=\"\" title=\"HOPE\" srcset=\"https:\/\/i0.wp.com\/talking-hope.org\/wp-content\/uploads\/2024\/10\/HOPE.png?w=2000&amp;ssl=1 2000w, https:\/\/i0.wp.com\/talking-hope.org\/wp-content\/uploads\/2024\/10\/HOPE.png?resize=300%2C300&amp;ssl=1 300w, https:\/\/i0.wp.com\/talking-hope.org\/wp-content\/uploads\/2024\/10\/HOPE.png?resize=1024%2C1024&amp;ssl=1 1024w, https:\/\/i0.wp.com\/talking-hope.org\/wp-content\/uploads\/2024\/10\/HOPE.png?resize=150%2C150&amp;ssl=1 150w, https:\/\/i0.wp.com\/talking-hope.org\/wp-content\/uploads\/2024\/10\/HOPE.png?resize=768%2C768&amp;ssl=1 768w, https:\/\/i0.wp.com\/talking-hope.org\/wp-content\/uploads\/2024\/10\/HOPE.png?resize=1536%2C1536&amp;ssl=1 1536w, https:\/\/i0.wp.com\/talking-hope.org\/wp-content\/uploads\/2024\/10\/HOPE.png?resize=12%2C12&amp;ssl=1 12w\" sizes=\"auto, (max-width: 1200px) 100vw, 1200px\" \/><\/figure>\n\n<\/div><\/div>\n\n<div class=\"gb-grid-column gb-grid-column-87511887\"><div class=\"gb-container gb-container-87511887\">\n<div class=\"gb-container gb-container-3ae940b3\">\n\n<h2 class=\"gb-headline gb-headline-051a0c90 gb-headline-text\"><strong>WARUM HOFFNUNG?<\/strong><\/h2>\n\n<\/div>\n\n<div class=\"gb-container gb-container-3faa05af\">\n\n<p>Eine nachhaltige, sozial gerechte und demokratische Zukunft entsteht nicht von allein. Sie braucht Mut und das Vertrauen, dass wir etwas bewirken k\u00f6nnen. Doch in der heutigen Krisenzeit f\u00fchlen sich viele Menschen machtlos: Angst und Sorgen ersticken Dialog, Beteiligung und gemeinsame L\u00f6sungen. Hoffnungslosigkeit macht handlungsunf\u00e4hig. Hoffnung ist politisch<\/p>\n\n\n\n<p>Talking Hope arbeitet mit einem hoffnungsbasierten Ansatz, der Selbstwirksamkeit, Teilhabe und Engagement aus der Community heraus st\u00e4rkt. Wir entwickeln \u00fcberzeugende, realistische Zukunftsbilder, die Sehnsucht nach morgen wecken und Handeln im Heute ausl\u00f6sen und verst\u00e4rken. In unserer Arbeit mit diversen Gruppen verbinden wir unsere Expertise in sozial inklusiver Kommunikation, Psychologie, Didaktik, politischer Bildung und Sozialer Arbeit.<\/p>\n\n\n\n<p><strong>Sie m\u00f6chten mehr erfahren?<\/strong> Neben unserer Projektarbeit bieten wir zu unserem Ansatz Workshops, Trainings, Vortr\u00e4ge und Key Notes an.<\/p>\n\n\n\n<p><strong>Warum wir uns gerade jetzt f\u00fcr Hoffnung entscheiden sollten? <\/strong>Unser <strong>Manifest zur Hoffnung <\/strong><a href=\"https:\/\/talking-hope.org\/de\/hope\/\" data-type=\"page\" data-id=\"24280\">finden Sie hier<\/a>.<\/p>\n\n<\/div>\n\n<div class=\"gb-container gb-container-6f83b2cb\">\n<div class=\"gb-button-wrapper gb-button-wrapper-6dbb8341\">\n\n<a class=\"gb-button gb-button-9132775c loud-link\" href=\"\/de\/what-we-do\/\"><span class=\"gb-button-text\">Weiter<\/span><span class=\"gb-icon\"><svg xmlns=\"http:\/\/www.w3.org\/2000\/svg\" viewbox=\"0 0 256 512\" width=\"1em\" height=\"1em\" aria-hidden=\"true\"><path d=\"M224.3 273l-136 136c-9.4 9.4-24.6 9.4-33.9 0l-22.6-22.6c-9.4-9.4-9.4-24.6 0-33.9l96.4-96.4-96.4-96.4c-9.4-9.4-9.4-24.6 0-33.9L54.3 103c9.4-9.4 24.6-9.4 33.9 0l136 136c9.5 9.4 9.5 24.6.1 34z\" fill=\"currentColor\"><\/path><\/svg><\/span><\/a>\n\n<\/div>\n<\/div>\n\n\n<h2 class=\"gb-headline gb-headline-304d6cd2 gb-headline-text\"><strong>KONTAKTIEREN SIE UNS &gt;<\/strong> <a href=\"mailto:info@talking-hope.org\">info@talking-hope.org<\/a><\/h2>\n\n<\/div><\/div>\n\n<div class=\"gb-grid-column gb-grid-column-569d27ac\"><div class=\"gb-container gb-container-569d27ac\">\n\n<figure class=\"gb-block-image gb-block-image-5adca532\"><img data-recalc-dims=\"1\" loading=\"lazy\" decoding=\"async\" width=\"1200\" height=\"1199\" class=\"gb-image gb-image-5adca532\" src=\"https:\/\/i0.wp.com\/talking-hope.org\/wp-content\/uploads\/2024\/10\/HOPE.png?resize=1200%2C1199&#038;ssl=1\" alt=\"\" title=\"HOPE\" srcset=\"https:\/\/i0.wp.com\/talking-hope.org\/wp-content\/uploads\/2024\/10\/HOPE.png?w=2000&amp;ssl=1 2000w, https:\/\/i0.wp.com\/talking-hope.org\/wp-content\/uploads\/2024\/10\/HOPE.png?resize=300%2C300&amp;ssl=1 300w, https:\/\/i0.wp.com\/talking-hope.org\/wp-content\/uploads\/2024\/10\/HOPE.png?resize=1024%2C1024&amp;ssl=1 1024w, https:\/\/i0.wp.com\/talking-hope.org\/wp-content\/uploads\/2024\/10\/HOPE.png?resize=150%2C150&amp;ssl=1 150w, https:\/\/i0.wp.com\/talking-hope.org\/wp-content\/uploads\/2024\/10\/HOPE.png?resize=768%2C768&amp;ssl=1 768w, https:\/\/i0.wp.com\/talking-hope.org\/wp-content\/uploads\/2024\/10\/HOPE.png?resize=1536%2C1536&amp;ssl=1 1536w, https:\/\/i0.wp.com\/talking-hope.org\/wp-content\/uploads\/2024\/10\/HOPE.png?resize=12%2C12&amp;ssl=1 12w\" sizes=\"auto, (max-width: 1200px) 100vw, 1200px\" \/><\/figure>\n\n<\/div><\/div>\n<\/div>\n<\/div>\n<div class=\"gb-shapes\"><div class=\"gb-shape gb-shape-1\"><svg xmlns=\"http:\/\/www.w3.org\/2000\/svg\" viewbox=\"0 0 1200 96.2\" preserveaspectratio=\"none\"><path d=\"M0 96.2h1200V72.9l-50-8.9c-50-8.6-150-26.9-250-22.2C800 46.2 700 72.9 600 64 500 55.4 400 10.4 300 1.8 200-7.1 100 19.5 50 32.9L0 46.2v50z\"\/><\/svg><\/div><\/div><\/div>\n\n<div class=\"gb-container gb-container-2be1a6fc\">\n<div class=\"gb-container gb-container-0e5bbf4f\">\n<div class=\"gb-container gb-container-b8a57319\">\n<div class=\"gb-container gb-container-9576c6dd\">\n\n<h2 class=\"gb-headline gb-headline-916380af gb-headline-text\">Wir sind stolz, die folgenden Chartas unterzeichnet zu haben:<\/h2>\n\n<\/div>\n<\/div>\n\n<div class=\"gb-container gb-container-2bdcd0d4\">\n<div class=\"gb-grid-wrapper gb-grid-wrapper-2ba55fe9\">\n<div class=\"gb-grid-column gb-grid-column-f5e88b78\"><div class=\"gb-container gb-container-f5e88b78\">\n<div class=\"wp-block-image\">\n<figure class=\"aligncenter size-full is-resized\"><a href=\"https:\/\/engagiert-fuer-klimaschutz.de\/charta\/\"><img loading=\"lazy\" decoding=\"async\" width=\"30\" height=\"36\" src=\"https:\/\/talking-hope.org\/wp-content\/uploads\/2024\/10\/bbe_black.svg\" alt=\"\" class=\"wp-image-24052\" style=\"width:auto;height:250px\"\/><\/a><\/figure>\n<\/div>\n\n\n<p class=\"has-text-align-center has-aubergine-color has-text-color\">Charta des Klimaschutz-Engagements&nbsp;&nbsp;<\/p>\n\n<\/div><\/div>\n\n<div class=\"gb-grid-column gb-grid-column-309b5746\"><div class=\"gb-container gb-container-309b5746\">\n<div class=\"wp-block-image\">\n<figure class=\"aligncenter size-full is-resized\"><a href=\"https:\/\/k3-klimakongress.org\/grazer-charta-der-klimakommunikation\/\"><img data-recalc-dims=\"1\" loading=\"lazy\" decoding=\"async\" width=\"438\" height=\"373\" src=\"https:\/\/i0.wp.com\/talking-hope.org\/wp-content\/uploads\/2024\/10\/K3_Logo_Vorlage_vektor5-e1612274681321.png?resize=438%2C373&#038;ssl=1\" alt=\"\" class=\"wp-image-24053\" style=\"width:auto;height:250px\" srcset=\"https:\/\/i0.wp.com\/talking-hope.org\/wp-content\/uploads\/2024\/10\/K3_Logo_Vorlage_vektor5-e1612274681321.png?w=438&amp;ssl=1 438w, https:\/\/i0.wp.com\/talking-hope.org\/wp-content\/uploads\/2024\/10\/K3_Logo_Vorlage_vektor5-e1612274681321.png?resize=300%2C255&amp;ssl=1 300w, https:\/\/i0.wp.com\/talking-hope.org\/wp-content\/uploads\/2024\/10\/K3_Logo_Vorlage_vektor5-e1612274681321.png?resize=14%2C12&amp;ssl=1 14w\" sizes=\"auto, (max-width: 438px) 100vw, 438px\" \/><\/a><\/figure>\n<\/div>\n\n\n<p class=\"has-text-align-center has-aubergine-color has-text-color\">Grazer Charta der Klimakommunikation<\/p>\n\n<\/div><\/div>\n<\/div>\n<\/div>\n<\/div>\n<div class=\"gb-shapes\"><div class=\"gb-shape gb-shape-1\"><svg xmlns=\"http:\/\/www.w3.org\/2000\/svg\" viewbox=\"0 0 1200 194.3\" preserveaspectratio=\"none\"><path d=\"M1200 133.3l-50 8.9c-50 8.6-150 26.9-250 31.1-100 4.2-200-4.2-300-26.7S400 89.2 300 62.2C200 35.8 100 17.5 50 8.9L0 0v194.3h1200v-61z\"\/><\/svg><\/div><\/div><\/div>","protected":false},"excerpt":{"rendered":"<p>BUILDING BRIDGES FOR CHANGE Change requires understanding &#8211; especially with those who disagree or have different needs. Our approach starts &#8230; <\/p>\n<p class=\"read-more-container\"><a title=\"Our approach\" class=\"read-more button\" href=\"https:\/\/talking-hope.org\/de\/our-approach\/#more-23965\" aria-label=\"Mehr Informationen \u00fcber Our approach\">Read more<\/a><\/p>","protected":false},"author":1,"featured_media":0,"parent":0,"menu_order":1,"comment_status":"closed","ping_status":"closed","template":"","meta":{"_seopress_robots_primary_cat":"","_seopress_titles_title":"BUILDING BRIDGES FOR CHANGE.","_seopress_titles_desc":"OUR FRAMEWORK FOR SOCIALLY INCLUSIVE (CLIMATE) COMMUNICATIONS","_seopress_robots_index":"","inline_featured_image":false,"footnotes":""},"class_list":{"0":"post-23965","1":"page","2":"type-page","3":"status-publish","5":"no-featured-image-padding"},"jetpack_sharing_enabled":true,"_links":{"self":[{"href":"https:\/\/talking-hope.org\/de\/wp-json\/wp\/v2\/pages\/23965","targetHints":{"allow":["GET"]}}],"collection":[{"href":"https:\/\/talking-hope.org\/de\/wp-json\/wp\/v2\/pages"}],"about":[{"href":"https:\/\/talking-hope.org\/de\/wp-json\/wp\/v2\/types\/page"}],"author":[{"embeddable":true,"href":"https:\/\/talking-hope.org\/de\/wp-json\/wp\/v2\/users\/1"}],"replies":[{"embeddable":true,"href":"https:\/\/talking-hope.org\/de\/wp-json\/wp\/v2\/comments?post=23965"}],"version-history":[{"count":5,"href":"https:\/\/talking-hope.org\/de\/wp-json\/wp\/v2\/pages\/23965\/revisions"}],"predecessor-version":[{"id":25529,"href":"https:\/\/talking-hope.org\/de\/wp-json\/wp\/v2\/pages\/23965\/revisions\/25529"}],"wp:attachment":[{"href":"https:\/\/talking-hope.org\/de\/wp-json\/wp\/v2\/media?parent=23965"}],"curies":[{"name":"wp","href":"https:\/\/api.w.org\/{rel}","templated":true}]}}