{"id":21569,"date":"2023-03-13T10:27:23","date_gmt":"2023-03-13T09:27:23","guid":{"rendered":"https:\/\/talking-hope.org\/?page_id=21569"},"modified":"2026-03-20T11:02:38","modified_gmt":"2026-03-20T10:02:38","slug":"t","status":"publish","type":"page","link":"https:\/\/talking-hope.org\/de\/","title":{"rendered":"Start"},"content":{"rendered":"<div class=\"gb-container gb-container-732e7198\">\n<div class=\"gb-container gb-container-d4d67ecc\">\n\n<h1 class=\"gb-headline gb-headline-5a5df192 gb-headline-text\">IMAGINE TOMORROW. <\/h1>\n\n\n\n<h1 class=\"gb-headline gb-headline-55dce7ce gb-headline-text\">THEN CHANGE TODAY.<\/h1>\n\n\n<div class=\"gb-container gb-container-76cc3f62\">\n\n<p class=\"has-base-3-color has-text-color\" style=\"font-size:23px\">Talking Hope ist eine gemeinn\u00fctzige Werkstatt, in der Menschen Hoffnung in Handeln verwandeln <br>\u2013 f\u00fcr Demokratie, Klimaschutz, soziale Gerechtigkeit und \u00f6ffentliche Gesundheit.<\/p>\n\n<\/div>\n\n<div class=\"gb-container gb-container-3e426b30\">\n\n<p class=\"has-base-3-color has-text-color\" style=\"font-size:23px\">Durch sozial inklusive Kommunikation, transformative Kampagnen und partizipative <br>Bildungsprojekte machen wir gesellschaftlichen Wandel mehrheitsf\u00e4hig.<\/p>\n\n<\/div>\n\n\n<h2 class=\"gb-headline gb-headline-5dabda2f gb-headline-text\"> <\/h2>\n\n<\/div>\n<\/div>\n\n<div class=\"gb-container gb-container-8a1dfe02\">\n<div class=\"gb-container gb-container-1ed1dc22\">\n\n<figure class=\"gb-block-image gb-block-image-0414021c\"><img decoding=\"async\" class=\"gb-image gb-image-0414021c\" src=\"https:\/\/talking-hope.org\/wp-content\/uploads\/2022\/08\/Fusabdruecke_animation.svg\" alt=\"The future is open: Talking Hope drives and supports systems change around climate, democracy, social justice and public health.\" title=\"Fusabdruecke_animation\"\/><\/figure>\n\n<\/div>\n<div class=\"gb-shapes\"><div class=\"gb-shape gb-shape-1\"><svg xmlns=\"http:\/\/www.w3.org\/2000\/svg\" viewbox=\"0 0 1200 350\" preserveaspectratio=\"none\"><path d=\"M1200 350V0C22.4 60.3 0 336.7 0 336.7V350h1200z\"\/><\/svg><\/div><\/div><\/div>\n\n<div class=\"gb-container gb-container-300056bd\">\n<div class=\"gb-container gb-container-fbf9a84d\">\n<div class=\"gb-grid-wrapper gb-grid-wrapper-9e66f682\">\n<div class=\"gb-grid-column gb-grid-column-1a9e66a3\"><div class=\"gb-container gb-container-1a9e66a3\">\n<div class=\"wp-block-image\">\n<figure class=\"alignleft size-full is-resized\"><img decoding=\"async\" src=\"https:\/\/talking-hope.org\/wp-content\/uploads\/2022\/08\/GESAMTMARKE-AUF-WEISS-HELLBLAU-1.svg\" alt=\"\" class=\"wp-image-19070\" style=\"width:343px;height:415px\"\/><\/figure>\n<\/div>\n<\/div><\/div>\n\n<div class=\"gb-grid-column gb-grid-column-87511887\"><div class=\"gb-container gb-container-87511887\">\n<div class=\"gb-container gb-container-3ae940b3\">\n\n<h2 class=\"gb-headline gb-headline-051a0c90 gb-headline-text\"><strong>WARUM TALKING HOPE<\/strong><\/h2>\n\n<\/div>\n\n<div class=\"gb-container gb-container-3faa05af\">\n\n<p class=\"has-aubergine-color has-text-color\">Viele Menschen wollen eine gute Zukunft, f\u00fchlen sich beim Wandel zum nachhaltigen Leben und Wirtschaften aber nicht gemeint, au\u00dfen vor oder \u00fcberfordert. Hier setzen wir an: Denn Klimaschutz, soziale Gerechtigkeit, demokratische Teilhabe und seelische Gesundheit h\u00e4ngen zusammen \u2013 wenn eines fehlt, geraten die anderen unter Druck. Eine mutige Transformation hingegen verspricht mehr Gesundheit und Wohlergehen, mehr Gerechtigkeit und mehr Sicherheit. <\/p>\n\n\n\n<p class=\"has-aubergine-color has-text-color\" style=\"font-size:18px\">Talking Hope ist eine gemeinn\u00fctzige Werkstatt, in der Menschen Hoffnung in Handeln verwandeln: Wir bauen neue Allianzen, verbinden unterschiedliche Perspektiven und \u00f6ffnen R\u00e4ume, in denen Menschen gemeinsam handlungsf\u00e4hig und aktiv werden. Wir sind Expert:innnen f\u00fcr sozial inklusive Kommunikation, transformative Bildungsarbeit und partizipative Projekte, die kollektives Handeln und gemeinsame Ver\u00e4nderung schaffen.<\/p>\n\n<\/div>\n\n<div class=\"gb-container gb-container-6f83b2cb\">\n<div class=\"gb-button-wrapper gb-button-wrapper-6dbb8341\">\n\n<a class=\"gb-button gb-button-9132775c loud-link\" href=\"\/de\/what-we-do\/\"><span class=\"gb-button-text\">Weiter<\/span><span class=\"gb-icon\"><svg xmlns=\"http:\/\/www.w3.org\/2000\/svg\" viewbox=\"0 0 256 512\" width=\"1em\" height=\"1em\" aria-hidden=\"true\"><path d=\"M224.3 273l-136 136c-9.4 9.4-24.6 9.4-33.9 0l-22.6-22.6c-9.4-9.4-9.4-24.6 0-33.9l96.4-96.4-96.4-96.4c-9.4-9.4-9.4-24.6 0-33.9L54.3 103c9.4-9.4 24.6-9.4 33.9 0l136 136c9.5 9.4 9.5 24.6.1 34z\" fill=\"currentColor\"><\/path><\/svg><\/span><\/a>\n\n<\/div>\n<\/div>\n<\/div><\/div>\n<\/div>\n<\/div>\n<\/div>\n\n<div class=\"gb-container gb-container-9431d0b9\">\n<div class=\"gb-container gb-container-2e8ed02b\" id=\"news\">\n<div class=\"gb-grid-wrapper gb-grid-wrapper-079c2ca3\">\n<div class=\"gb-grid-column gb-grid-column-1bba717a\"><div class=\"gb-container gb-container-1bba717a\">\n\n<figure class=\"wp-block-image size-full is-resized\"><a href=\"https:\/\/talking-hope.org\/de\/the-deja-vu-moment\/\" target=\"_blank\" rel=\" noreferrer noopener\"><img data-recalc-dims=\"1\" loading=\"lazy\" decoding=\"async\" width=\"500\" height=\"500\" src=\"https:\/\/i0.wp.com\/talking-hope.org\/wp-content\/uploads\/2026\/03\/DEJA-VU_start.png?resize=500%2C500&#038;ssl=1\" alt=\"\" class=\"wp-image-25623\" style=\"width:380px\" srcset=\"https:\/\/i0.wp.com\/talking-hope.org\/wp-content\/uploads\/2026\/03\/DEJA-VU_start.png?w=500&amp;ssl=1 500w, https:\/\/i0.wp.com\/talking-hope.org\/wp-content\/uploads\/2026\/03\/DEJA-VU_start.png?resize=300%2C300&amp;ssl=1 300w, https:\/\/i0.wp.com\/talking-hope.org\/wp-content\/uploads\/2026\/03\/DEJA-VU_start.png?resize=150%2C150&amp;ssl=1 150w, https:\/\/i0.wp.com\/talking-hope.org\/wp-content\/uploads\/2026\/03\/DEJA-VU_start.png?resize=12%2C12&amp;ssl=1 12w\" sizes=\"auto, (max-width: 500px) 100vw, 500px\" \/><\/a><\/figure>\n\n\n<div class=\"gb-container gb-container-d3dab4bf\">\n<div class=\"gb-container gb-container-0c3d194e\">\n\n<h2 class=\"gb-headline gb-headline-fb74f2d8 gb-headline-text THEPOWEROFANDYETHOWTHENS-RESISTANCECANINSPIREUS\"><a href=\"https:\/\/talking-hope.org\/de\/why-we-are-leaving-x\/\" data-type=\"post\" data-id=\"24532\"><\/a><a href=\"https:\/\/talking-hope.org\/de\/the-deja-vu-moment\/\">D\u00c9J\u00c0-VU: Autokraten profitieren. Die Rechnung zahlen alle.<\/a><\/h2>\n\n\n\n<p class=\"has-text-align-left has-base-3-color has-text-color has-link-color wp-elements-702871e8ef03cc5281bf2e776c919fae\" style=\"font-size:18px\"><strong><strong>Erneuerbare Energien stehen nicht nur f\u00fcr Klimaschutz<\/strong><\/strong><\/p>\n\n<\/div>\n\n\n<p class=\"has-text-align-left\"><em>Die Ukraine-Erfahrung hat gezeigt, wie teuer und riskant fossile Abh\u00e4ngigkeiten sind. Der israelisch-\namerikanische Krieg gegen den Iran treibt die \u00d6lpreise erneut nach oben. Warum wird hieraus nicht\nkonsequent gelernt? Erneuerbare Energien bedeuten mehr Souver\u00e4nit\u00e4t, mehr Sicherheit und weniger\nKosten \u2014 wenn die Energiewende endlich konsequent und sozial gerecht umgesetzt wird.<\/em><\/p>\n\n\n\n<a class=\"gb-button gb-button-70d27735 loud-link\" href=\"https:\/\/talking-hope.org\/de\/the-deja-vu-moment\/\"><span class=\"gb-button-text\">Weiter<\/span><span class=\"gb-icon\"><svg xmlns=\"http:\/\/www.w3.org\/2000\/svg\" viewbox=\"0 0 256 512\" width=\"1em\" height=\"1em\" aria-hidden=\"true\"><path d=\"M224.3 273l-136 136c-9.4 9.4-24.6 9.4-33.9 0l-22.6-22.6c-9.4-9.4-9.4-24.6 0-33.9l96.4-96.4-96.4-96.4c-9.4-9.4-9.4-24.6 0-33.9L54.3 103c9.4-9.4 24.6-9.4 33.9 0l136 136c9.5 9.4 9.5 24.6.1 34z\" fill=\"currentColor\"><\/path><\/svg><\/span><\/a>\n\n<\/div>\n<\/div><\/div>\n\n<div class=\"gb-grid-column gb-grid-column-76564a87\"><div class=\"gb-container gb-container-76564a87\">\n\n<figure class=\"wp-block-image size-full is-resized\"><a href=\"https:\/\/talking-hope.org\/de\/democracy-is-being-tested-this-year\/\"><img data-recalc-dims=\"1\" loading=\"lazy\" decoding=\"async\" width=\"500\" height=\"500\" src=\"https:\/\/i0.wp.com\/talking-hope.org\/wp-content\/uploads\/2026\/01\/speak_up_start.png?resize=500%2C500&#038;ssl=1\" alt=\"\" class=\"wp-image-25472\" style=\"width:380px\" srcset=\"https:\/\/i0.wp.com\/talking-hope.org\/wp-content\/uploads\/2026\/01\/speak_up_start.png?w=500&amp;ssl=1 500w, https:\/\/i0.wp.com\/talking-hope.org\/wp-content\/uploads\/2026\/01\/speak_up_start.png?resize=300%2C300&amp;ssl=1 300w, https:\/\/i0.wp.com\/talking-hope.org\/wp-content\/uploads\/2026\/01\/speak_up_start.png?resize=150%2C150&amp;ssl=1 150w, https:\/\/i0.wp.com\/talking-hope.org\/wp-content\/uploads\/2026\/01\/speak_up_start.png?resize=12%2C12&amp;ssl=1 12w\" sizes=\"auto, (max-width: 500px) 100vw, 500px\" \/><\/a><\/figure>\n\n\n<div class=\"gb-container gb-container-68767266\">\n<div class=\"gb-container gb-container-8762542a\">\n\n<h2 class=\"gb-headline gb-headline-e4e8540d gb-headline-text THEPOWEROFANDYETHOWTHENS-RESISTANCECANINSPIREUS\"><a href=\"https:\/\/talking-hope.org\/de\/democracy-is-being-tested-this-year\/\" data-type=\"post\" data-id=\"25460\">Sagt was!<\/a><\/h2>\n\n\n\n<p class=\"has-text-align-left has-base-3-color has-text-color has-link-color wp-elements-da620a12bd688eda4aadc1452308bfae\" style=\"font-size:18px\"><strong><strong>Demokratie und Gerechtigkeit stehen unter Druck<\/strong><\/strong><\/p>\n\n<\/div>\n\n\n<p class=\"has-text-align-left\">Das Jahr 2026 ist erst wenige Tage alt und doch hat es schon wieder politische Ersch\u00fctterungen geliefert, die unsere internationale Ordnung und unser gesellschaftliches Miteinander auch in Deutschland weiter in Frage stellen. Diese Entwicklungen verlangen mehr als stilles Beobachten und kluge Analysen: Sie fordern, dass wir aufstehen, Stellung beziehen und Verantwortung \u00fcbernehmen. Es ist Zeit: Sagt was!<\/p>\n\n\n\n<a class=\"gb-button gb-button-269fc496 loud-link\" href=\"https:\/\/talking-hope.org\/de\/democracy-is-being-tested-this-year\/\"><span class=\"gb-button-text\">Weiter<\/span><span class=\"gb-icon\"><svg xmlns=\"http:\/\/www.w3.org\/2000\/svg\" viewbox=\"0 0 256 512\" width=\"1em\" height=\"1em\" aria-hidden=\"true\"><path d=\"M224.3 273l-136 136c-9.4 9.4-24.6 9.4-33.9 0l-22.6-22.6c-9.4-9.4-9.4-24.6 0-33.9l96.4-96.4-96.4-96.4c-9.4-9.4-9.4-24.6 0-33.9L54.3 103c9.4-9.4 24.6-9.4 33.9 0l136 136c9.5 9.4 9.5 24.6.1 34z\" fill=\"currentColor\"><\/path><\/svg><\/span><\/a>\n\n<\/div>\n<\/div><\/div>\n\n<div class=\"gb-grid-column gb-grid-column-ef839752\"><div class=\"gb-container gb-container-ef839752\">\n\n<figure class=\"wp-block-image size-full is-resized\"><a href=\"https:\/\/talking-hope.org\/de\/after-cop30-time-to-step-up\/\"><img data-recalc-dims=\"1\" loading=\"lazy\" decoding=\"async\" width=\"1000\" height=\"1000\" src=\"https:\/\/i0.wp.com\/talking-hope.org\/wp-content\/uploads\/2025\/11\/Belem_start.png?resize=1000%2C1000&#038;ssl=1\" alt=\"\" class=\"wp-image-25412\" style=\"width:380px\" srcset=\"https:\/\/i0.wp.com\/talking-hope.org\/wp-content\/uploads\/2025\/11\/Belem_start.png?w=1000&amp;ssl=1 1000w, https:\/\/i0.wp.com\/talking-hope.org\/wp-content\/uploads\/2025\/11\/Belem_start.png?resize=300%2C300&amp;ssl=1 300w, https:\/\/i0.wp.com\/talking-hope.org\/wp-content\/uploads\/2025\/11\/Belem_start.png?resize=150%2C150&amp;ssl=1 150w, https:\/\/i0.wp.com\/talking-hope.org\/wp-content\/uploads\/2025\/11\/Belem_start.png?resize=768%2C768&amp;ssl=1 768w, https:\/\/i0.wp.com\/talking-hope.org\/wp-content\/uploads\/2025\/11\/Belem_start.png?resize=12%2C12&amp;ssl=1 12w\" sizes=\"auto, (max-width: 1000px) 100vw, 1000px\" \/><\/a><\/figure>\n\n\n<div class=\"gb-container gb-container-bb35dc2b\">\n<div class=\"gb-container gb-container-f643b004\">\n\n<h2 class=\"gb-headline gb-headline-bef85264 gb-headline-text translation-block\"><p class=\"MsoNormal\" style=\"margin: 0cm 0cm 8pt;line-height: 16.96px;font-size: 12pt;font-family: Poppins;text-transform: none\"><\/p><a href=\"https:\/\/talking-hope.org\/de\/after-cop30-time-to-step-up\/\" data-type=\"post\" data-id=\"25391\" target=\"_self\">ZEIT, DEN DRUCK ZU ERH\u00d6HEN<\/a><\/h2>\n\n\n\n<p class=\"has-base-3-color has-text-color has-link-color wp-elements-0ce4d95c4331e1fa4bec2c9fd5c8954f\" style=\"font-size:18px\"><strong>Nach dem Weltklimagipfel braucht es die ZIvilgesellschaft<\/strong><\/p>\n\n<\/div>\n\n\n<p class=\"has-text-align-left\">Der Weltklimagipfel in Bel\u00e9m hat best\u00e4tigt: In der Klimadiplomatie hat eine neue Phase begonnen \u2014 gepr\u00e4gt von plurilateralen Initiativen, von \u201eKoalitionen der willigen\u201c Regierungen und Akteure, die schneller vorankommen k\u00f6nnen als die Vereinten Nationen. Diese Verschiebung ist bedeutsam. Doch je mehr sich die Klimadiplomatie auf kleinere Formate verlagert, desto wichtiger, nicht unwichtiger, wird der Druck aus der Zivilgesellschaft und von der Basis.<\/p>\n\n\n\n<a class=\"gb-button gb-button-1a52d06c loud-link\" href=\"https:\/\/talking-hope.org\/de\/after-cop30-time-to-step-up\/\"><span class=\"gb-button-text\">Weiter<\/span><span class=\"gb-icon\"><svg xmlns=\"http:\/\/www.w3.org\/2000\/svg\" viewbox=\"0 0 256 512\" width=\"1em\" height=\"1em\" aria-hidden=\"true\"><path d=\"M224.3 273l-136 136c-9.4 9.4-24.6 9.4-33.9 0l-22.6-22.6c-9.4-9.4-9.4-24.6 0-33.9l96.4-96.4-96.4-96.4c-9.4-9.4-9.4-24.6 0-33.9L54.3 103c9.4-9.4 24.6-9.4 33.9 0l136 136c9.5 9.4 9.5 24.6.1 34z\" fill=\"currentColor\"><\/path><\/svg><\/span><\/a>\n\n<\/div>\n<\/div><\/div>\n<\/div>\n<\/div>\n<div class=\"gb-shapes\"><div class=\"gb-shape gb-shape-1\"><svg xmlns=\"http:\/\/www.w3.org\/2000\/svg\" viewbox=\"0 0 1200 194.3\" preserveaspectratio=\"none\"><path d=\"M1200 133.3l-50 8.9c-50 8.6-150 26.9-250 31.1-100 4.2-200-4.2-300-26.7S400 89.2 300 62.2C200 35.8 100 17.5 50 8.9L0 0v194.3h1200v-61z\"\/><\/svg><\/div><\/div><\/div>\n\n<div class=\"gb-container gb-container-1775b2d4 smooth-scroll\">\n<div class=\"gb-container gb-container-879d1735\">\n<div class=\"gb-grid-wrapper gb-grid-wrapper-b20becbd\">\n<div class=\"gb-grid-column gb-grid-column-c14b6afb\"><div class=\"gb-container gb-container-c14b6afb\">\n\n<figure class=\"wp-block-image size-large is-resized\"><img loading=\"lazy\" decoding=\"async\" width=\"100\" height=\"100\" src=\"https:\/\/talking-hope.org\/wp-content\/uploads\/2023\/01\/eva-maria_klein.svg\" alt=\"\" class=\"wp-image-21087\" style=\"width:400px;height:400px\"\/><\/figure>\n\n<\/div><\/div>\n\n<div class=\"gb-grid-column gb-grid-column-ead306e8\"><div class=\"gb-container gb-container-ead306e8\">\n\n<h3 class=\"gb-headline gb-headline-239bb4ab gb-headline-text\"><br>SEHNSUCHT NACH MORGEN VER\u00c4NDERT DAS HEUTE.<\/h3>\n\n\n\n<p class=\"gb-headline gb-headline-1fa63a0f gb-headline-text\"><em>Hoffnung ist kein rosaroter Blick in die Zukunft. Sie ist die Erkenntnis, dass wir die Welt ver\u00e4ndern k\u00f6nnen \u2013 und die Bereitschaft, ins Offene zu handeln.&nbsp;<\/em><\/p>\n\n\n\n<p class=\"gb-headline gb-headline-b3f8a5f6 gb-headline-text\"><strong>Eva-Maria McCormack<\/strong><br>Gr\u00fcnderin, Talking Hope <\/p>\n\n<\/div><\/div>\n<\/div>\n<\/div>\n<div class=\"gb-shapes\"><div class=\"gb-shape gb-shape-1\"><svg xmlns=\"http:\/\/www.w3.org\/2000\/svg\" viewbox=\"0 0 1200 194.3\" preserveaspectratio=\"none\"><path d=\"M1200 133.3l-50 8.9c-50 8.6-150 26.9-250 31.1-100 4.2-200-4.2-300-26.7S400 89.2 300 62.2C200 35.8 100 17.5 50 8.9L0 0v194.3h1200v-61z\"\/><\/svg><\/div><div class=\"gb-shape gb-shape-2\"><svg xmlns=\"http:\/\/www.w3.org\/2000\/svg\" viewbox=\"0 0 1200 350\" preserveaspectratio=\"none\"><path d=\"M1200 350V0C22.4 60.3 0 336.7 0 336.7V350h1200z\"\/><\/svg><\/div><\/div><\/div>\n\n<div class=\"gb-container gb-container-6f98a36e\">\n<div class=\"gb-container gb-container-0e8b4479\">\n<div class=\"gb-grid-wrapper gb-grid-wrapper-3439551d\">\n<div class=\"gb-grid-column gb-grid-column-255da8b3\"><div class=\"gb-container gb-container-255da8b3\">\n\n<h3 class=\"gb-headline gb-headline-3e2b6e04 gb-headline-text\">DIE TRANSFORMATIONS-MANUFAKTUR<\/h3>\n\n\n\n<p class=\"has-var-u-002-du-002-daubergine-color has-text-color\"><strong>Talking Hope macht die sozial-\u00f6kologische Transformation mehrheitsf\u00e4hig<\/strong> \u2013 mit Hoffnung, Zuh\u00f6ren und echter Beteiligung an den Schnittstellen von Demokratief\u00f6rderung, Klimaschutz, sozialer Gerechtigkeit und psychosozialer Gesundheit.<\/p>\n\n\n\n<p><strong>Wir erreichen leise Mehrheiten, die andere oft nicht erreichen<\/strong> \u2013 durch die sozial inklusive Ansprache und Mobilisierung besonders von Menschen in benachteiligten Lebenslagen, die einen gro\u00dfen Teil der Bev\u00f6lkerung ausmachen.<\/p>\n\n\n\n<p class=\"has-var-u-002-du-002-daubergine-color has-text-color\"><strong>Wir beugen Gegenreaktionen und Polarisierung gegen Demokratie und Klimaschutz vor<\/strong>: Indem wir marginalisierte, aber gesellschaftlich zentrale Gruppen einbinden, st\u00e4rken wir Akzeptanz, Zusammenhalt und R\u00fcckhalt f\u00fcr eine demokratische, klimasichere und faire Zukunft.<\/p>\n\n\n\n<p class=\"has-var-u-002-du-002-daubergine-color has-text-color\">Wir arbeiten mit zivilgesellschaftlichen, philanthropischen, \u00f6ffentlichen und privaten Partner:innen sowie Medien zusammen, um Wege f\u00fcr einen positiven Wandel zu finden und zu f\u00f6rdern<\/p>\n\n\n<div class=\"gb-container gb-container-a0204503\">\n<div class=\"gb-button-wrapper gb-button-wrapper-2f86f10d\">\n\n<a class=\"gb-button gb-button-78133768\" href=\"\/de\/what-we-do\/\"><span class=\"gb-button-text\">Weiter<\/span><span class=\"gb-icon\"><svg aria-hidden=\"true\" role=\"img\" height=\"1em\" width=\"1em\" viewbox=\"0 0 256 512\" xmlns=\"http:\/\/www.w3.org\/2000\/svg\"><path fill=\"currentColor\" d=\"M224.3 273l-136 136c-9.4 9.4-24.6 9.4-33.9 0l-22.6-22.6c-9.4-9.4-9.4-24.6 0-33.9l96.4-96.4-96.4-96.4c-9.4-9.4-9.4-24.6 0-33.9L54.3 103c9.4-9.4 24.6-9.4 33.9 0l136 136c9.5 9.4 9.5 24.6.1 34z\"><\/path><\/svg><\/span><\/a>\n\n<\/div>\n<\/div>\n<\/div><\/div>\n\n<div class=\"gb-grid-column gb-grid-column-5061f71a\"><div class=\"gb-container gb-container-5061f71a\">\n\n<figure class=\"wp-block-image size-large is-resized\"><img decoding=\"async\" src=\"https:\/\/talking-hope.org\/wp-content\/uploads\/2022\/08\/butterfly_CSS_2.svg\" alt=\"\" class=\"wp-image-19313\" style=\"width:380px;height:500px\"\/><\/figure>\n\n<\/div><\/div>\n<\/div>\n<\/div>\n<div class=\"gb-shapes\"><div class=\"gb-shape gb-shape-1\"><svg xmlns=\"http:\/\/www.w3.org\/2000\/svg\" viewbox=\"0 0 1200 211.2\" preserveaspectratio=\"none\"><path d=\"M1200 188.4v22.8H0v-22.8C84.3 78.9 321.1 0 600 0s515.7 78.9 600 188.4z\"\/><\/svg><\/div><\/div><\/div>\n\n<div class=\"gb-container gb-container-1acb7c33\">\n<div class=\"gb-container gb-container-accb58a7\">\n<div class=\"gb-grid-wrapper gb-grid-wrapper-23cb3901\">\n<div class=\"gb-grid-column gb-grid-column-ae475a2c\"><div class=\"gb-container gb-container-ae475a2c\">\n\n<figure class=\"wp-block-image size-large is-resized\"><img loading=\"lazy\" decoding=\"async\" width=\"100\" height=\"100\" src=\"https:\/\/talking-hope.org\/wp-content\/uploads\/2023\/03\/earth.svg\" alt=\"\" class=\"wp-image-21719\" style=\"width:400px;height:400px\"\/><\/figure>\n\n<\/div><\/div>\n\n<div class=\"gb-grid-column gb-grid-column-29043ec3\"><div class=\"gb-container gb-container-29043ec3\">\n\n<h2 class=\"gb-headline gb-headline-368b6736 gb-headline-text\"><strong><strong>BR\u00dcCKEN BAUEN, KONSENS SCHAFFEN&nbsp;&nbsp;<\/strong><\/strong><\/h2>\n\n\n\n<p class=\"has-text-align-left has-aubergine-color has-text-color\">Es braucht die Welt, um die Welt zu ver\u00e4ndern. Um mehr Konsens f\u00fcr eine nachhaltige Zukunft zu schaffen, m\u00fcssen Menschen aller Herk\u00fcnfte ihn mitgestalten. Wir respektieren Vielfalt mit Vielfalt: Talking Hope ist nicht nur ein Team von Expert:innen. Wir sind Menschen mit vielen Herk\u00fcnften und verschiedenen Geschichten. Und das macht uns noch besser.<\/p>\n\n\n<div class=\"gb-container gb-container-4c7ed73c alignwide\">\n<div class=\"gb-button-wrapper gb-button-wrapper-1af7e2db\">\n\n<a class=\"gb-button gb-button-9662fa75\" href=\"\/de\/who-we-are-team\/\"><span class=\"gb-button-text\">Weiter<\/span><span class=\"gb-icon\"><svg xmlns=\"http:\/\/www.w3.org\/2000\/svg\" viewbox=\"0 0 256 512\" width=\"1em\" height=\"1em\" aria-hidden=\"true\"><path d=\"M224.3 273l-136 136c-9.4 9.4-24.6 9.4-33.9 0l-22.6-22.6c-9.4-9.4-9.4-24.6 0-33.9l96.4-96.4-96.4-96.4c-9.4-9.4-9.4-24.6 0-33.9L54.3 103c9.4-9.4 24.6-9.4 33.9 0l136 136c9.5 9.4 9.5 24.6.1 34z\" fill=\"currentColor\"><\/path><\/svg><\/span><\/a>\n\n<\/div>\n<\/div>\n<\/div><\/div>\n<\/div>\n<\/div>\n<div class=\"gb-shapes\"><div class=\"gb-shape gb-shape-1\"><svg xmlns=\"http:\/\/www.w3.org\/2000\/svg\" viewbox=\"0 0 1200 194.3\" preserveaspectratio=\"none\"><path d=\"M1200 133.3l-50 8.9c-50 8.6-150 26.9-250 31.1-100 4.2-200-4.2-300-26.7S400 89.2 300 62.2C200 35.8 100 17.5 50 8.9L0 0v194.3h1200v-61z\"\/><\/svg><\/div><\/div><\/div>","protected":false},"excerpt":{"rendered":"<p>IMAGINE TOMORROW. THEN CHANGE TODAY. Talking Hope is a non-profit workshop where people turn hope into action \u2014 for climate &#8230; <\/p>\n<p class=\"read-more-container\"><a title=\"Start\" class=\"read-more button\" href=\"https:\/\/talking-hope.org\/de\/#more-21569\" aria-label=\"Mehr Informationen \u00fcber Home\">Read more<\/a><\/p>","protected":false},"author":1,"featured_media":0,"parent":0,"menu_order":1,"comment_status":"closed","ping_status":"closed","template":"","meta":{"_seopress_robots_primary_cat":"","_seopress_titles_title":"IMAGINE TOMORROW. THEN CHANGE TODAY.","_seopress_titles_desc":"The future is open: Talking Hope drives and supports systems change around climate, democracy, social justice and public health.","_seopress_robots_index":"","inline_featured_image":false,"footnotes":""},"class_list":{"0":"post-21569","1":"page","2":"type-page","3":"status-publish","5":"no-featured-image-padding"},"jetpack_sharing_enabled":true,"_links":{"self":[{"href":"https:\/\/talking-hope.org\/de\/wp-json\/wp\/v2\/pages\/21569","targetHints":{"allow":["GET"]}}],"collection":[{"href":"https:\/\/talking-hope.org\/de\/wp-json\/wp\/v2\/pages"}],"about":[{"href":"https:\/\/talking-hope.org\/de\/wp-json\/wp\/v2\/types\/page"}],"author":[{"embeddable":true,"href":"https:\/\/talking-hope.org\/de\/wp-json\/wp\/v2\/users\/1"}],"replies":[{"embeddable":true,"href":"https:\/\/talking-hope.org\/de\/wp-json\/wp\/v2\/comments?post=21569"}],"version-history":[{"count":5,"href":"https:\/\/talking-hope.org\/de\/wp-json\/wp\/v2\/pages\/21569\/revisions"}],"predecessor-version":[{"id":25625,"href":"https:\/\/talking-hope.org\/de\/wp-json\/wp\/v2\/pages\/21569\/revisions\/25625"}],"wp:attachment":[{"href":"https:\/\/talking-hope.org\/de\/wp-json\/wp\/v2\/media?parent=21569"}],"curies":[{"name":"wp","href":"https:\/\/api.w.org\/{rel}","templated":true}]}}