{"id":18730,"date":"2022-08-16T14:45:14","date_gmt":"2022-08-16T12:45:14","guid":{"rendered":"https:\/\/talking-hope.org\/?page_id=18730"},"modified":"2024-03-28T18:57:43","modified_gmt":"2024-03-28T17:57:43","slug":"stories-of-hope","status":"publish","type":"page","link":"https:\/\/talking-hope.org\/de\/stories-of-hope\/","title":{"rendered":"Inspirationen"},"content":{"rendered":"<div class=\"gb-container gb-container-bb5c9806\"><div class=\"gb-inside-container\">\n\n<h1 class=\"wp-block-heading has-text-align-center has-accent-2-color has-text-color\" style=\"font-size:53px\">Pl\u00e4doyer f\u00fcr Hoffnung.<\/h1>\n\n<\/div><\/div>\n\n<div class=\"gb-container gb-container-8a1dfe02\"><div class=\"gb-inside-container\">\n\n<figure class=\"gb-block-image gb-block-image-b9c5823e\"><img loading=\"lazy\" decoding=\"async\" width=\"100\" height=\"100\" class=\"gb-image gb-image-b9c5823e\" src=\"https:\/\/talking-hope.org\/wp-content\/uploads\/2022\/10\/Sprechblase_blog_2_weiser_rand.svg\" alt=\"\" title=\"Sprechblase_blog_2_weiser_rand\"\/><\/figure>\n\n<\/div><div class=\"gb-shapes\"><div class=\"gb-shape gb-shape-1\"><svg xmlns=\"http:\/\/www.w3.org\/2000\/svg\" viewbox=\"0 0 1200 350\" preserveaspectratio=\"none\"><path d=\"M1200 350V0C22.4 60.3 0 336.7 0 336.7V350h1200z\"\/><\/svg><\/div><\/div><\/div>\n\n<div class=\"gb-container gb-container-300056bd\"><div class=\"gb-inside-container\">\n<div class=\"gb-container gb-container-3faa05af\"><div class=\"gb-inside-container\">\n\n<h1 class=\"gb-headline gb-headline-a4669590 gb-headline-text\">WARUM WIR EINEN NEUEN KLIMADISKURS BRAUCHEN<\/h1>\n\n\n\n<p>Von Eva-Maria McCormack<\/p>\n\n\n\n<p class=\"has-aubergine-color has-text-color\"><em>Die Bek\u00e4mpfung der Klimakrise erfordert einen Systemwandel, der uns Menschen in allen Bereichen unseres Lebens ber\u00fchrt. Eine Transformation dieses Ausma\u00dfes sollte deshalb vor allem eines bieten \u2013 eine Antwort auf die Frage \"Wozu?\". In unseren Diskursen \u00fcber die Klimakrise sprechen wir jedoch nur selten von der Welt, in der wir k\u00fcnftig leben wollen. Ein Aufruf zu mehr Hoffnung und Fantasie.<\/em><\/p>\n\n<\/div><\/div>\n\n<div class=\"gb-container gb-container-9da98c56\"><div class=\"gb-inside-container\">\n\n<p class=\"gb-headline gb-headline-9734f4d3 gb-headline-text\">\"Die Zukunft war in der Vergangenheit auch schon besser\", beschrieb Karl Valentin, der Clown-Kritiker der 1920er Jahre, gern die launische Mischung aus Angst und Avantgarde unter seinen Zeitgenossen. <\/p>\n\n\n\n<p class=\"gb-headline gb-headline-b7360029 gb-headline-text translation-block\">Hundert Jahre sp\u00e4ter klingt sein Urteil angesichts der Klimakrise fast noch optimistisch. Infolge des niederschmetternden <a rel=\"noreferrer noopener\" href=\"https:\/\/www.ipcc.ch\/assessment-report\/ar6\/\" target=\"_blank\">6. Berichtes des Weltklimarates<\/a> und der durch Russlands Angriffskrieg gegen die Ukraine ausgel\u00f6sten R\u00fcckbesinnung auf fossile Brennstoffe erscheinen die Chancen, die Pariser Klimaziele zu erreichen, schlechter denn je.<\/p>\n\n\n\n<p class=\"gb-headline gb-headline-2e5f46e7 gb-headline-text translation-block\">Mehr als 80 Prozent der heute 16- bis 25-J\u00e4hrigen glauben, dass sie einer be\u00e4ngstigenden Zukunft entgegengehen, und vier von f\u00fcnf f\u00fchlen sich angesichts mangelnden Klimaschutzes von den Regierungen betrogen. Das ergab eine von der Fachzeitschrift Lancet Planetary Health <a rel=\"noreferrer noopener\" href=\"https:\/\/www.thelancet.com\/journals\/lanplh\/article\/PIIS2542-5196(21)00278-3\/fulltext\" target=\"_blank\">ver\u00f6ffentlichte Umfrage in zehn L\u00e4ndern<\/a>.  Der Aufruf, sich eine bessere Welt vorzustellen, klingt geradezu naiv.<\/p>\n\n\n\n<p><\/p>\n\n\n\n<h2 class=\"gb-headline gb-headline-b07afb0c gb-headline-text\">UND DENNOCH: STELL DIR VOR \u2026 <\/h2>\n\n\n\n<p class=\"has-aubergine-color has-text-color translation-block\">Wie w\u00e4re es, wenn es gel\u00e4nge? Wenn wir es schaffen w\u00fcrden, die Klimakrise einzud\u00e4mmen? \nAuf dem <a href=\"https:\/\/philea.eu\/event\/philea-forum\/philea-forum-2022\/\" target=\"_self\">Forum des europ\u00e4ischen Stiftungsverbandes Philea im Mai 2022<\/a> in Barcelona lud Rob Hopkins - Mitbegr\u00fcnder des <a rel=\"noreferrer noopener\" href=\"https:\/\/transitionnetwork.org\/\" target=\"_blank\">Transition Netzwerks<\/a> und Autor von <a rel=\"noreferrer noopener\" href=\"https:\/\/www.robhopkins.net\/2019\/10\/10\/first-review-of-from-what-is-to-what-if\/\" target=\"_blank\"> Stell dir vor ... - Mit Mut und Fantasie die Welt ver\u00e4ndern<\/a> <em>\u2013<\/em> die Teilnehmer:innen ein, die Augen zu schlie\u00dfen und in Gedanken in eine Zeitmaschine zu steigen, um sich ihr Leben in einer nachhaltigen Welt vorzustellen.<\/p>\n\n\n\n<p class=\"translation-block\">Innerhalb von Minuten war der Raum mit Energie gef\u00fcllt: <em>\"Ich kann saubere Luft riechen\". \"Meine Kinder spielen auf der Stra\u00dfe. Die \u201a\u00d6ffis\u2018 sind so gut, dass die Stra\u00dfen nicht mehr voller Autos sind.\u201c<\/em>\u00a0<em> \"Ich h\u00f6re V\u00f6gel.\" \"Endlich kein Plastik mehr.\u201c<\/em><\/p>\n\n\n\n<p class=\"translation-block\">Am Ende der Diskussion, die gemeinsam von der <a rel=\"noreferrer noopener\" href=\"https:\/\/europeanclimate.org\/\" target=\"_blank\">European Climate Foundation<\/a>, <a rel=\"noreferrer noopener\" href=\"https:\/\/www.stiftung-mercator.de\/en\/\" target=\"_blank\">der Stiftung Mercator<\/a>, dem <a rel=\"noreferrer noopener\" href=\"https:\/\/www.cleanairfund.org\/\" target=\"_blank\">Clean Air Fund<\/a> und <a rel=\"noreferrer noopener\" href=\"https:\/\/urbanhealth.org.uk\/\" target=\"_blank\">Impact on Urban Health<\/a> veranstaltet wurde, berichteten die Teilnehmer:innen, dass sie sich gest\u00e4rkt und belebt f\u00fchlten und inspiriert, f\u00fcr einen Klimawandel zu k\u00e4mpfen, der pers\u00f6nlich f\u00fcr sie geworden war.<\/p>\n\n\n\n<p><\/p>\n\n\n\n<h2 class=\"gb-headline gb-headline-d832eadf gb-headline-text\">NAIV<\/h2>\n\n\n\n<p>Die Bek\u00e4mpfung der Klimakrise erfordert einen systemischen Wandel von Wirtschaft und Gesellschaft, der uns Menschen in nahezu allen Bereichen unseres Lebens ber\u00fchrt, ob Zuhause, im Arbeitsleben oder in der \u00d6ffentlichkeit. Wohnen und Energieversorgung, Transport und Verkehr, Gesundheit und Ern\u00e4hrung sind nur einige Beispiele.<\/p>\n\n\n\n<p class=\"translation-block\">Was eine Transformation dieses Ausma\u00dfes verlangt, ist Fairness und vor allem eine Antwort auf die Frage \"<em>Wozu?<\/em>\".<\/p>\n\n\n\n<p><\/p>\n\n\n\n<h2 class=\"gb-headline gb-headline-231acfb8 gb-headline-text\">WANDEL WOZU?<\/h2>\n\n\n\n<p class=\"translation-block\">Obwohl das Klimathema inzwischen die Mitte der Gesellschaft erreicht hat, wird diese Frage im \u00f6ffentlichen Diskurs \u00fcber die Klimakrise aber erstaunlicherweise noch immer weitgehend ausgeklammert. \"Katastrophenvermeidung ist das h\u00f6chste Ziel, das die meisten von uns, die sich f\u00fcr Nachhaltigkeit einsetzen, anbieten. Wir versprechen das \u00dcberleben und nicht viel mehr.\" schrieb <a href=\"https:\/\/donellameadows.org\/envisioning-a-sustainable-world\/\" target=\"_blank\" rel=\"noreferrer noopener\">Donella H. Meadows<\/a> im Jahr 1994 und beklagte ein \"Visionsversagen\".<\/p>\n\n\n\n<p>Noch heute, 30 Jahre sp\u00e4ter, setzt sich dieses Versagen fort. Diskurse \u00fcber die Klimakrise sind noch immer von einsch\u00fcchternder Komplexit\u00e4t und unverst\u00e4ndlicher Technizit\u00e4t f\u00fcr einen gro\u00dfen Teil der Menschen. Vor allem aber sind sie l\u00e4hmend be\u00e4ngstigend. Unser \u00fcbergreifendes Narrativ lautet: \"Wie k\u00f6nnen wir dem Untergang entgehen?\" und nicht \"In welcher Welt wollen wir eigentlich leben?\"<\/p>\n\n\n\n<p class=\"translation-block\">Das treibt uns nicht nur in eine - falsche \u2013 Wahrnehmung, dass wir der Krise l\u00e4ngst alternativlos ausgeliefert sind. Im <a href=\"https:\/\/onlinelibrary.wiley.com\/doi\/epdf\/10.1002\/ijop.12042\" target=\"_blank\" rel=\"noreferrer noopener\">\u00a0International Journal of Psychology<\/a> ver\u00f6ffentlichte Forschungsergebnisse zeigen, dass Furchtappelle Menschen zwar alarmieren, aber nur in begrenztem Umfang zum Handeln aktivieren. Warum nicht einen letzten Tanz auf der Titanic, wenn die Welt eh auf die Katastrophe zusteuert? Wo keine Hoffnung mehr ist, macht das Abschalten und die Disassoziation noch am meisten Sinn.<\/p>\n\n\n<div class=\"gb-container gb-container-7e834f6c\"><div class=\"gb-inside-container\">\n\n<\/div><\/div>\n\n\n<h2 class=\"gb-headline gb-headline-c5b2e9f5 gb-headline-text\">WIE DEM KLIMASCHUTZ MEHR ZUGKRAFT GEBEN?<\/h2>\n\n\n\n<p class=\"translation-block\">Wie dann k\u00f6nnen wir der Klimaagenda mehr Zugkraft geben? Es klingt kontraintuitiv, aber immer mehr Fakten zu verbreiten, ist nicht die Antwort. <a rel=\"noreferrer noopener\" href=\"https:\/\/www.nature.com\/articles\/nclimate2997.epdf?no_publisher_access=1&amp;r3_referer=nature\" target=\"_blank\">Eine in der Fachzeitschrift Nature ver\u00f6ffentlichte Verhaltensforschungsstudie<\/a> ermittelte auf der Basis von Umfragen in sechs politisch und kulturell unterschiedlichen L\u00e4ndern, dass Klimawissen zwar wichtig ist, ein h\u00f6heres Ma\u00df an Klimawissen jedoch nicht. Mehr Wissen wirkte sich sogar einschr\u00e4nkend auf das Interesse und die Sorge von Menschen um das Klima aus, so die Studie.<\/p>\n\n\n\n<p>Was wir angesichts des dr\u00e4ngenden Systemwandels brauchen, sind Bilder und Geschichten \u00fcber die Welt, die wir gestalten wollen und die uns Lust auf Zukunft macht. <\/p>\n\n\n\n<p class=\"translation-block\">Geschichten der Hoffnung. Keine gef\u00fchlsduselige, rosarote Hoffnung, sondern evidenzbasierte Hoffnung, die anerkennt, dass wir die Welt ver\u00e4ndern k\u00f6nnen. Haben Menschen das nicht schon immer getan? Um \u00a0<a rel=\"noreferrer noopener\" href=\"https:\/\/c4aa.org\/about\/stephen-duncombe\" target=\"_blank\">Stephen Duncombe<\/a>, den Mitbegr\u00fcnder des in den USA ans\u00e4ssigen Center for Artistic Activism, zu zitieren: \"Was waren Demokratie, Sozialismus, Anarchismus, B\u00fcrgerrechte und Feminismus anderes als Tr\u00e4ume von einer ver\u00e4nderten Welt?\"<\/p>\n\n\n\n<p><\/p>\n\n\n\n<h2 class=\"gb-headline gb-headline-3f201d5e gb-headline-text\">SYSTEMWANDEL IST M\u00d6GLICH<\/h2>\n\n\n\n<p>Systeme lassen sich transformieren. Und auch wenn Systemwandel, von innen heraus erlebt, nur im Schneckentempo vonstatten zu gehen scheint, so geschieht er \u2013 historisch betrachtet \u2013 doch ebenso oft schnell und umw\u00e4lzend: Nur neun Jahre lagen zwischen Rosa Parks Weigerung, in jenem Bus in Alabama ihren Sitzplatz aufzugeben, und dem US-B\u00fcrgerrechtsgesetz von 1955. Greta Thunberg ist noch immer ein Teenager.<\/p>\n\n\n\n<p>Auf dem Philea-Forum 2022 rief Rob Hopkins zu einer Revolution der Fantasie auf. Der Satz \"Wir brauchen mehr Hoffnung\" zog sich wie ein roter Faden durch Debatten auf Podien und in kleinen Kreisen.<br><br>Nat\u00fcrlich ist Hoffnung nicht einfach der Glaube, dass alles schon gut werden wird. Hoffnung ersetzt auch nicht die Botschaft der Dringlichkeit, dass Handeln in der Klimakrise jetzt und sofort geboten ist.<\/p>\n\n\n\n<p>Aber Hoffnung und Fantasie verleihen Kraft zum Handeln, denn sie machen das Politische pers\u00f6nlich und das Pers\u00f6nliche politisch.<\/p>\n\n\n\n<p><\/p>\n\n\n\n<h2 class=\"gb-headline gb-headline-2d540b84 gb-headline-text\">MIT FANTASIE ERM\u00c4CHTIGEN<\/h2>\n\n\n\n<p>Geschichten der Hoffnung und Fantasie laden Menschen ein, auf die erste Stufe der Leiter des zivilgesellschaftlichen Engagements zu klettern. Sie bef\u00e4higen Gemeinschaften, zu Akteur:innen des Wandels zu werden, die stark genug sind, politische Entscheidungen durch Wahlstimmen und \u00f6ffentlichen Druck zu beeinflussen. <\/p>\n\n\n\n<p>Geschichten der Hoffnung sind auch entscheidend, wenn es darum geht, Menschen auf dem schwierigen Weg der Dekarbonisierung zu halten. Dies ist um so wichtiger, als sich R\u00fcckschl\u00e4ge abzeichnen, ausgel\u00f6st zum einen durch Kosten und Fragen der fairen Verteilung und zum anderen erschwert durch politische Instabilit\u00e4ten wie etwa die Folgen des russischen Krieges gegen die Ukraine.<\/p>\n\n\n\n<p><\/p>\n\n\n\n<h2 class=\"gb-headline gb-headline-af380835 gb-headline-text\">STIFTUNGEN ALS HOFFNUNGSTR\u00c4GER<\/h2>\n\n\n\n<p>Stiftungen sind in einer idealen Position, um Hoffnung und Fantasie in den Klimadiskurs zu bringen. Nicht nur ist die \u00dcberzeugung, positive Ver\u00e4nderung bewirken zu k\u00f6nnen, geradezu Grundbestandteil ihrer organisatorischen DNA. Stiftungen sind auch Makler der Hoffnung durch ihre Arbeit und die Projekte, die sie f\u00f6rdern. <\/p>\n\n\n\n<p class=\"translation-block\">Wir sollten ihre Wirkung nicht nur in KPIs, Inkrementen, Zahlen und Fakten messen. Und wir sollten nicht nur \u00fcber 1,5 Grad reden. Sprechen wir dar\u00fcber, was 1,5\u00b0C bedeutet.<\/p>\n\n\n\n<p>Die Aufforderung, sich eine bessere Welt vorzustellen, mag naiv erscheinen, aber sie ist es, die uns das Unm\u00f6gliche erreichen l\u00e4sst.&nbsp;<\/p>\n\n\n\n<p class=\"has-aubergine-color has-text-color translation-block\"><em>Dieser Text wurde erstmals ver\u00f6ffentlicht von  <a href=\"https:\/\/philea.eu\/opinions\/lets-talk-about-hope-why-we-need-a-new-story-on-climate\/\" target=\"_self\">Philea<\/a><\/em>.<\/p>\n\n<\/div><\/div>\n\n<div class=\"gb-container gb-container-34e63159\"><div class=\"gb-inside-container\">\n\n<p class=\"gb-headline gb-headline-8fa58b50 gb-headline-text\">Diesen Beitrag teilen:<\/p>\n\n\n\n<ul class=\"wp-block-social-links is-content-justification-left is-layout-flex wp-container-core-social-links-is-layout-fdcfc74e wp-block-social-links-is-layout-flex\"><li class=\"wp-social-link wp-social-link-mastodon  wp-block-social-link\"><a rel=\"noopener nofollow\" target=\"_blank\" href=\"https:\/\/talking-hope.org\/de\/stories-of-hope\/?share=mastodon&#038;nb=1\" class=\"wp-block-social-link-anchor\"><svg width=\"24\" height=\"24\" viewbox=\"0 0 24 24\" version=\"1.1\" xmlns=\"http:\/\/www.w3.org\/2000\/svg\" aria-hidden=\"true\" focusable=\"false\"><path d=\"M23.193 7.879c0-5.206-3.411-6.732-3.411-6.732C18.062.357 15.108.025 12.041 0h-.076c-3.068.025-6.02.357-7.74 1.147 0 0-3.411 1.526-3.411 6.732 0 1.192-.023 2.618.015 4.129.124 5.092.934 10.109 5.641 11.355 2.17.574 4.034.695 5.535.612 2.722-.15 4.25-.972 4.25-.972l-.09-1.975s-1.945.613-4.129.539c-2.165-.074-4.449-.233-4.799-2.891a5.499 5.499 0 0 1-.048-.745s2.125.52 4.817.643c1.646.075 3.19-.097 4.758-.283 3.007-.359 5.625-2.212 5.954-3.905.517-2.665.475-6.507.475-6.507zm-4.024 6.709h-2.497V8.469c0-1.29-.543-1.944-1.628-1.944-1.2 0-1.802.776-1.802 2.312v3.349h-2.483v-3.35c0-1.536-.602-2.312-1.802-2.312-1.085 0-1.628.655-1.628 1.944v6.119H4.832V8.284c0-1.289.328-2.313.987-3.07.68-.758 1.569-1.146 2.674-1.146 1.278 0 2.246.491 2.886 1.474L12 6.585l.622-1.043c.64-.983 1.608-1.474 2.886-1.474 1.104 0 1.994.388 2.674 1.146.658.757.986 1.781.986 3.07v6.304z\"\/><\/svg><span class=\"wp-block-social-link-label screen-reader-text\">Mastodon<\/span><\/a><\/li>\n\n<li class=\"wp-social-link wp-social-link-linkedin  wp-block-social-link\"><a rel=\"noopener nofollow\" target=\"_blank\" href=\"https:\/\/talking-hope.org\/de\/stories-of-hope\/?share=linkedin&#038;nb=1\" class=\"wp-block-social-link-anchor\"><svg width=\"24\" height=\"24\" viewbox=\"0 0 24 24\" version=\"1.1\" xmlns=\"http:\/\/www.w3.org\/2000\/svg\" aria-hidden=\"true\" focusable=\"false\"><path d=\"M19.7,3H4.3C3.582,3,3,3.582,3,4.3v15.4C3,20.418,3.582,21,4.3,21h15.4c0.718,0,1.3-0.582,1.3-1.3V4.3 C21,3.582,20.418,3,19.7,3z M8.339,18.338H5.667v-8.59h2.672V18.338z M7.004,8.574c-0.857,0-1.549-0.694-1.549-1.548 c0-0.855,0.691-1.548,1.549-1.548c0.854,0,1.547,0.694,1.547,1.548C8.551,7.881,7.858,8.574,7.004,8.574z M18.339,18.338h-2.669 v-4.177c0-0.996-0.017-2.278-1.387-2.278c-1.389,0-1.601,1.086-1.601,2.206v4.249h-2.667v-8.59h2.559v1.174h0.037 c0.356-0.675,1.227-1.387,2.526-1.387c2.703,0,3.203,1.779,3.203,4.092V18.338z\"><\/path><\/svg><span class=\"wp-block-social-link-label screen-reader-text\">LinkedIn<\/span><\/a><\/li>\n\n<li class=\"wp-social-link wp-social-link-twitter  wp-block-social-link\"><a rel=\"noopener nofollow\" target=\"_blank\" href=\"https:\/\/talking-hope.org\/de\/stories-of-hope\/?share=twitter&#038;nb=1\" class=\"wp-block-social-link-anchor\"><svg width=\"24\" height=\"24\" viewbox=\"0 0 24 24\" version=\"1.1\" xmlns=\"http:\/\/www.w3.org\/2000\/svg\" aria-hidden=\"true\" focusable=\"false\"><path d=\"M22.23,5.924c-0.736,0.326-1.527,0.547-2.357,0.646c0.847-0.508,1.498-1.312,1.804-2.27 c-0.793,0.47-1.671,0.812-2.606,0.996C18.324,4.498,17.257,4,16.077,4c-2.266,0-4.103,1.837-4.103,4.103 c0,0.322,0.036,0.635,0.106,0.935C8.67,8.867,5.647,7.234,3.623,4.751C3.27,5.357,3.067,6.062,3.067,6.814 c0,1.424,0.724,2.679,1.825,3.415c-0.673-0.021-1.305-0.206-1.859-0.513c0,0.017,0,0.034,0,0.052c0,1.988,1.414,3.647,3.292,4.023 c-0.344,0.094-0.707,0.144-1.081,0.144c-0.264,0-0.521-0.026-0.772-0.074c0.522,1.63,2.038,2.816,3.833,2.85 c-1.404,1.1-3.174,1.756-5.096,1.756c-0.331,0-0.658-0.019-0.979-0.057c1.816,1.164,3.973,1.843,6.29,1.843 c7.547,0,11.675-6.252,11.675-11.675c0-0.178-0.004-0.355-0.012-0.531C20.985,7.47,21.68,6.747,22.23,5.924z\"><\/path><\/svg><span class=\"wp-block-social-link-label screen-reader-text\">Twitter<\/span><\/a><\/li>\n\n<li class=\"wp-social-link wp-social-link-mail  wp-block-social-link\"><a rel=\"noopener nofollow\" target=\"_blank\" href=\"mailto:?subject=STORIES%20OF%20HOPE&#038;body=https:\/\/talking-hope.org\/stories-of-hope\/&#038;share=email&#038;nb=1\" class=\"wp-block-social-link-anchor\"><svg width=\"24\" height=\"24\" viewbox=\"0 0 24 24\" version=\"1.1\" xmlns=\"http:\/\/www.w3.org\/2000\/svg\" aria-hidden=\"true\" focusable=\"false\"><path d=\"M19,5H5c-1.1,0-2,.9-2,2v10c0,1.1.9,2,2,2h14c1.1,0,2-.9,2-2V7c0-1.1-.9-2-2-2zm.5,12c0,.3-.2.5-.5.5H5c-.3,0-.5-.2-.5-.5V9.8l7.5,5.6,7.5-5.6V17zm0-9.1L12,13.6,4.5,7.9V7c0-.3.2-.5.5-.5h14c.3,0,.5.2.5.5v.9z\"><\/path><\/svg><span class=\"wp-block-social-link-label screen-reader-text\">E-Mail<\/span><\/a><\/li>\n\n<li class=\"wp-social-link wp-social-link-facebook  wp-block-social-link\"><a rel=\"noopener nofollow\" target=\"_blank\" href=\"https:\/\/talking-hope.org\/de\/stories-of-hope\/?share=facebook&#038;nb=1\" class=\"wp-block-social-link-anchor\"><svg width=\"24\" height=\"24\" viewbox=\"0 0 24 24\" version=\"1.1\" xmlns=\"http:\/\/www.w3.org\/2000\/svg\" aria-hidden=\"true\" focusable=\"false\"><path d=\"M12 2C6.5 2 2 6.5 2 12c0 5 3.7 9.1 8.4 9.9v-7H7.9V12h2.5V9.8c0-2.5 1.5-3.9 3.8-3.9 1.1 0 2.2.2 2.2.2v2.5h-1.3c-1.2 0-1.6.8-1.6 1.6V12h2.8l-.4 2.9h-2.3v7C18.3 21.1 22 17 22 12c0-5.5-4.5-10-10-10z\"><\/path><\/svg><span class=\"wp-block-social-link-label screen-reader-text\">Facebook<\/span><\/a><\/li>\n\n<li class=\"wp-social-link wp-social-link-whatsapp  wp-block-social-link\"><a rel=\"noopener nofollow\" target=\"_blank\" href=\"https:\/\/talking-hope.org\/de\/stories-of-hope\/?share=jetpack-whatsapp&#038;nb=1\" class=\"wp-block-social-link-anchor\"><svg width=\"24\" height=\"24\" viewbox=\"0 0 24 24\" version=\"1.1\" xmlns=\"http:\/\/www.w3.org\/2000\/svg\" aria-hidden=\"true\" focusable=\"false\"><path d=\"M 12.011719 2 C 6.5057187 2 2.0234844 6.478375 2.0214844 11.984375 C 2.0204844 13.744375 2.4814687 15.462563 3.3554688 16.976562 L 2 22 L 7.2324219 20.763672 C 8.6914219 21.559672 10.333859 21.977516 12.005859 21.978516 L 12.009766 21.978516 C 17.514766 21.978516 21.995047 17.499141 21.998047 11.994141 C 22.000047 9.3251406 20.962172 6.8157344 19.076172 4.9277344 C 17.190172 3.0407344 14.683719 2.001 12.011719 2 z M 12.009766 4 C 14.145766 4.001 16.153109 4.8337969 17.662109 6.3417969 C 19.171109 7.8517969 20.000047 9.8581875 19.998047 11.992188 C 19.996047 16.396187 16.413812 19.978516 12.007812 19.978516 C 10.674812 19.977516 9.3544062 19.642812 8.1914062 19.007812 L 7.5175781 18.640625 L 6.7734375 18.816406 L 4.8046875 19.28125 L 5.2851562 17.496094 L 5.5019531 16.695312 L 5.0878906 15.976562 C 4.3898906 14.768562 4.0204844 13.387375 4.0214844 11.984375 C 4.0234844 7.582375 7.6067656 4 12.009766 4 z M 8.4765625 7.375 C 8.3095625 7.375 8.0395469 7.4375 7.8105469 7.6875 C 7.5815469 7.9365 6.9355469 8.5395781 6.9355469 9.7675781 C 6.9355469 10.995578 7.8300781 12.182609 7.9550781 12.349609 C 8.0790781 12.515609 9.68175 15.115234 12.21875 16.115234 C 14.32675 16.946234 14.754891 16.782234 15.212891 16.740234 C 15.670891 16.699234 16.690438 16.137687 16.898438 15.554688 C 17.106437 14.971687 17.106922 14.470187 17.044922 14.367188 C 16.982922 14.263188 16.816406 14.201172 16.566406 14.076172 C 16.317406 13.951172 15.090328 13.348625 14.861328 13.265625 C 14.632328 13.182625 14.464828 13.140625 14.298828 13.390625 C 14.132828 13.640625 13.655766 14.201187 13.509766 14.367188 C 13.363766 14.534188 13.21875 14.556641 12.96875 14.431641 C 12.71875 14.305641 11.914938 14.041406 10.960938 13.191406 C 10.218937 12.530406 9.7182656 11.714844 9.5722656 11.464844 C 9.4272656 11.215844 9.5585938 11.079078 9.6835938 10.955078 C 9.7955938 10.843078 9.9316406 10.663578 10.056641 10.517578 C 10.180641 10.371578 10.223641 10.267562 10.306641 10.101562 C 10.389641 9.9355625 10.347156 9.7890625 10.285156 9.6640625 C 10.223156 9.5390625 9.737625 8.3065 9.515625 7.8125 C 9.328625 7.3975 9.131125 7.3878594 8.953125 7.3808594 C 8.808125 7.3748594 8.6425625 7.375 8.4765625 7.375 z\"><\/path><\/svg><span class=\"wp-block-social-link-label screen-reader-text\">WhatsApp<\/span><\/a><\/li><\/ul>\n\n<\/div><\/div>\n<\/div><div class=\"gb-shapes\"><div class=\"gb-shape gb-shape-1\"><svg xmlns=\"http:\/\/www.w3.org\/2000\/svg\" viewbox=\"0 0 1200 194.3\" preserveaspectratio=\"none\"><path d=\"M1200 133.3l-50 8.9c-50 8.6-150 26.9-250 31.1-100 4.2-200-4.2-300-26.7S400 89.2 300 62.2C200 35.8 100 17.5 50 8.9L0 0v194.3h1200v-61z\"\/><\/svg><\/div><\/div><\/div>","protected":false},"excerpt":{"rendered":"<p>Let\u2019s Talk about Hope. WHY WE NEED A NEW STORY ON CLIMATE By Eva-Maria McCormack Curbing the climate crisis requires &#8230; <\/p>\n<p class=\"read-more-container\"><a title=\"Inspirationen\" class=\"read-more button\" href=\"https:\/\/talking-hope.org\/de\/stories-of-hope\/#more-18730\" aria-label=\"Mehr Informationen \u00fcber Stories of Hope\">Read more<\/a><\/p>","protected":false},"author":1,"featured_media":0,"parent":0,"menu_order":0,"comment_status":"closed","ping_status":"closed","template":"","meta":{"_seopress_robots_primary_cat":"","_seopress_titles_title":"Stories of Hope","_seopress_titles_desc":"","_seopress_robots_index":"","inline_featured_image":false,"footnotes":""},"class_list":{"0":"post-18730","1":"page","2":"type-page","3":"status-publish","5":"no-featured-image-padding"},"jetpack_sharing_enabled":true,"_links":{"self":[{"href":"https:\/\/talking-hope.org\/de\/wp-json\/wp\/v2\/pages\/18730","targetHints":{"allow":["GET"]}}],"collection":[{"href":"https:\/\/talking-hope.org\/de\/wp-json\/wp\/v2\/pages"}],"about":[{"href":"https:\/\/talking-hope.org\/de\/wp-json\/wp\/v2\/types\/page"}],"author":[{"embeddable":true,"href":"https:\/\/talking-hope.org\/de\/wp-json\/wp\/v2\/users\/1"}],"replies":[{"embeddable":true,"href":"https:\/\/talking-hope.org\/de\/wp-json\/wp\/v2\/comments?post=18730"}],"version-history":[{"count":1,"href":"https:\/\/talking-hope.org\/de\/wp-json\/wp\/v2\/pages\/18730\/revisions"}],"predecessor-version":[{"id":23592,"href":"https:\/\/talking-hope.org\/de\/wp-json\/wp\/v2\/pages\/18730\/revisions\/23592"}],"wp:attachment":[{"href":"https:\/\/talking-hope.org\/de\/wp-json\/wp\/v2\/media?parent=18730"}],"curies":[{"name":"wp","href":"https:\/\/api.w.org\/{rel}","templated":true}]}}